{"id":363,"date":"2019-10-16T14:09:42","date_gmt":"2019-10-16T14:09:42","guid":{"rendered":"https:\/\/www.steriksbryggeri.se\/?page_id=363"},"modified":"2023-09-01T14:04:01","modified_gmt":"2023-09-01T14:04:01","slug":"nyheter","status":"publish","type":"page","link":"https:\/\/www.steriksbryggeri.se\/en\/nyheter\/","title":{"rendered":"News"},"content":{"rendered":"<div class=\"wpb-content-wrapper\"><div data-parent=\"true\" class=\"vc_row vc_custom_1676282923853 limit-width row-container mobile-hidden boomapps_vcrow\" style=\"margin-top: -35px ;\" id=\"row-unique-0\"><div class=\"row unequal col-half-gutter row-parent\"><div class=\"wpb_row row-inner\"><div class=\"wpb_column pos-top pos-center align_left column_parent col-lg-5 boomapps_vccolumn single-internal-gutter\"><div class=\"uncol style-light\"  ><div class=\"uncoltable\"><div class=\"uncell  vc_custom_1693554069014 boomapps_vccolumn single-block-padding\" style=\"border-top-width: 0px ;\" ><div class=\"column-background background-element\">\n\t\t\t\t\t\t\t\t\t\t\t<div class=\"background-wrapper\">\n\t\t\t\t\t\t\t\t\t\t\t\t<div class=\"background-inner\" style=\"background-image: url(https:\/\/www.steriksbryggeri.se\/wp-content\/uploads\/2023\/09\/Nyheter_St-Eriks-Ljus-lager_586x532px.jpg);background-repeat: no-repeat;background-position: center center;background-size: cover;\" data-o_src=\"https:\/\/www.steriksbryggeri.se\/wp-content\/uploads\/2023\/09\/Nyheter_St-Eriks-Ljus-lager_586x532px.jpg\"><\/div>\n\t\t\t\t\t\t\t\t\t\t\t\t\n\t\t\t\t\t\t\t\t\t\t\t<\/div>\n\t\t\t\t\t\t\t\t\t\t<\/div><div class=\"uncont\" ><div class=\"empty-space empty-quad desktop-hidden mobile-hidden\" ><span class=\"empty-space-inner\"><\/span><\/div>\n<div class=\"empty-space empty-quad desktop-hidden mobile-hidden\" ><span class=\"empty-space-inner\"><\/span><\/div>\n<div class=\"empty-space empty-quad desktop-hidden mobile-hidden\" ><span class=\"empty-space-inner\"><\/span><\/div>\n<div class=\"empty-space empty-quad desktop-hidden mobile-hidden\" ><span class=\"empty-space-inner\"><\/span><\/div>\n<\/div><\/div><\/div><\/div><\/div><div class=\"wpb_column pos-top pos-center align_left column_parent col-lg-7 boomapps_vccolumn single-internal-gutter\"><div class=\"uncol style-light unexpand\"  ><div class=\"uncoltable\"><div class=\"uncell  vc_custom_1676282885838 boomapps_vccolumn single-block-padding style-color-795504-bg\" style=\"padding-right: 123px ;padding-left: 121px ;\" ><div class=\"uncont\" ><div class=\"empty-space empty-half\" ><span class=\"empty-space-inner\"><\/span><\/div>\n<div class=\"vc_custom_heading_wrap\"><div class=\"heading-text el-text\" ><h1 class=\"font-477115 h1\" ><span><span class=\"font-477115\">S:t Eriks ljus lager &#8211; v\u00e5r nya lager\u00f6l!<\/span><\/span><\/h1><\/div><div class=\"clear\"><\/div><\/div><div class=\"uncode_text_column nyheter-text-block1\" ><p>Vi har efter l\u00e5ng tid av tester och f\u00f6rs\u00f6k tagit fram en helt ny lager\u00f6l! Varsamt bryggd med svensk pilsnermalt, tysk humle och lagersj\u00e4st \u00e4r S:T ERIKS LJUS LAGER en \u00f6l som g\u00e4rna b\u00f6r avnjutas som s\u00e4llskaps\u00f6l, i ett kupat glas p\u00e5 din favoritkrog eller hemma. Den l\u00e4tt \u00f6rtiga aromen och det krispiga, torra avslutet b\u00e4rs fram en markerad, avv\u00e4gd beska. Vi har dessutom valt att filtrerat \u00f6let f\u00f6r att f\u00e5 en riktigt klar och vacker lager.<\/p>\n<p>Denna nya lager\u00f6l finns nu att best\u00e4lla som burk p\u00e5 Systembolaget!<\/p>\n<\/div><div class=\"empty-space empty-half\" ><span class=\"empty-space-inner\"><\/span><\/div>\n<\/div><\/div><\/div><\/div><\/div><script id=\"script-row-unique-0\" data-row=\"script-row-unique-0\" type=\"text\/javascript\" class=\"vc_controls\">UNCODE.initRow(document.getElementById(\"row-unique-0\"));<\/script><\/div><\/div><\/div><div data-parent=\"true\" class=\"vc_row row-container desktop-hidden tablet-hidden boomapps_vcrow\" id=\"row-unique-1\"><div class=\"row-background background-element\">\n\t\t\t\t\t\t\t\t\t\t\t<div class=\"background-wrapper\">\n\t\t\t\t\t\t\t\t\t\t\t\t<div class=\"background-inner\" style=\"background-image: url(https:\/\/www.steriksbryggeri.se\/wp-content\/uploads\/2023\/09\/Nyheter_Citra-Pale-Ale_411x205px.jpg);background-repeat: no-repeat;background-position: center center;background-attachment: scroll;background-size: contain;\"><\/div>\n\t\t\t\t\t\t\t\t\t\t\t\t\n\t\t\t\t\t\t\t\t\t\t\t<\/div>\n\t\t\t\t\t\t\t\t\t\t<\/div><div class=\"row col-no-gutter full-width row-parent\"><div class=\"wpb_row row-inner\"><div class=\"wpb_column pos-top pos-center align_left column_parent col-lg-12 boomapps_vccolumn single-internal-gutter\"><div class=\"uncol style-light\"  ><div class=\"uncoltable\"><div class=\"uncell  boomapps_vccolumn no-block-padding\" ><div class=\"uncont\" ><div class=\"uncode-single-media  text-left\"><div class=\"single-wrapper\" style=\"max-width: 100%;\"><div class=\"tmb tmb-light  tmb-media-first tmb-media-last tmb-content-overlay tmb-no-bg\"><div class=\"t-inside\"><div class=\"t-entry-visual\"><div class=\"t-entry-visual-tc\"><div class=\"uncode-single-media-wrapper\"><img decoding=\"async\" class=\"wp-image-1015\" src=\"https:\/\/www.steriksbryggeri.se\/wp-content\/uploads\/2019\/11\/4l_citrasteriks.jpg\" width=\"932\" height=\"836\" alt=\"\" srcset=\"https:\/\/www.steriksbryggeri.se\/wp-content\/uploads\/2019\/11\/4l_citrasteriks.jpg 932w, https:\/\/www.steriksbryggeri.se\/wp-content\/uploads\/2019\/11\/4l_citrasteriks-300x269.jpg 300w, https:\/\/www.steriksbryggeri.se\/wp-content\/uploads\/2019\/11\/4l_citrasteriks-768x689.jpg 768w\" sizes=\"(max-width: 932px) 100vw, 932px\" \/><\/div>\n\t\t\t\t\t<\/div>\n\t\t\t\t<\/div><\/div><\/div><\/div><\/div><\/div><\/div><\/div><\/div><\/div><script id=\"script-row-unique-1\" data-row=\"script-row-unique-1\" type=\"text\/javascript\" class=\"vc_controls\">UNCODE.initRow(document.getElementById(\"row-unique-1\"));<\/script><\/div><\/div><\/div><div data-parent=\"true\" class=\"vc_row style-color-795504-bg vc_custom_1573648807663 row-container desktop-hidden tablet-hidden boomapps_vcrow\" style=\"padding-right: 30px ;padding-left: 30px ;\" id=\"row-unique-2\"><div class=\"row limit-width row-parent\"><div class=\"wpb_row row-inner\"><div class=\"wpb_column pos-top pos-center align_left column_parent col-lg-12 boomapps_vccolumn single-internal-gutter\"><div class=\"uncol style-light\"  ><div class=\"uncoltable\"><div class=\"uncell  vc_custom_1574156394233 boomapps_vccolumn no-block-padding\" style=\"padding-bottom: 50px ;\" ><div class=\"uncont\" ><div class=\"vc_custom_heading_wrap\"><div class=\"heading-text el-text\" ><h3 class=\"h1\" ><span>Prisv\u00e4nlig m\u00e4stare f\u00e5r ny dr\u00e4kt!<\/span><\/h3><\/div><div class=\"clear\"><\/div><\/div><div class=\"uncode_text_column nyheter-text-block1\" ><p>S:t Eriks Citra Pale Ale \u00e4r v\u00e5r go to-APA. En prisad och prisv\u00e4nlig \u00f6l till sessionstyrka, med l\u00e4tt och mjuk munk\u00e4nsla. Fruktig och fl\u00f6rtig humlekarakt\u00e4r med drag av citrus. NU I NY DESIGN!<\/p>\n<p>Finns nu p\u00e5 Systembolaget.<br \/>\nArtikeln nr 1264 | 330 ml | 4,5 % vol | 18:90 kr<\/p>\n<\/div><\/div><\/div><\/div><\/div><\/div><script id=\"script-row-unique-2\" data-row=\"script-row-unique-2\" type=\"text\/javascript\" class=\"vc_controls\">UNCODE.initRow(document.getElementById(\"row-unique-2\"));<\/script><\/div><\/div><\/div><div data-parent=\"true\" class=\"vc_row vc_custom_1574412896572 row-container boomapps_vcrow\" style=\"margin-top: -55px ;margin-bottom: -53px ;border-top-width: 0px ;border-right-width: 0px ;border-left-width: 0px ;padding-top: 0px ;padding-right: 0px ;padding-left: 0px ;\" id=\"row-unique-3\"><div class=\"row unequal col-half-gutter limit-width row-parent\" data-height-ratio=\"30\"><div class=\"wpb_row row-inner\"><div class=\"wpb_column pos-top pos-center align_center column_parent col-lg-3 boomapps_vccolumn single-internal-gutter\"><div class=\"uncol style-light\"  ><div class=\"uncoltable\"><div class=\"uncell  boomapps_vccolumn single-block-padding style-color-lxmt-bg\" ><div class=\"uncont\" ><div class=\"uncode-single-media  text-left\"><div class=\"single-wrapper\" style=\"max-width: 100%;\"><div class=\"tmb tmb-light  tmb-media-first tmb-media-last tmb-content-overlay tmb-no-bg\"><div class=\"t-inside\"><div class=\"t-entry-visual\"><div class=\"t-entry-visual-tc\"><div class=\"uncode-single-media-wrapper\"><img decoding=\"async\" class=\"wp-image-3342\" src=\"https:\/\/www.steriksbryggeri.se\/wp-content\/uploads\/2023\/09\/Nyheter_St-Eriks-IPA_411x205px.jpg\" width=\"411\" height=\"205\" alt=\"\" srcset=\"https:\/\/www.steriksbryggeri.se\/wp-content\/uploads\/2023\/09\/Nyheter_St-Eriks-IPA_411x205px.jpg 411w, https:\/\/www.steriksbryggeri.se\/wp-content\/uploads\/2023\/09\/Nyheter_St-Eriks-IPA_411x205px-300x150.jpg 300w, https:\/\/www.steriksbryggeri.se\/wp-content\/uploads\/2023\/09\/Nyheter_St-Eriks-IPA_411x205px-18x9.jpg 18w, https:\/\/www.steriksbryggeri.se\/wp-content\/uploads\/2023\/09\/Nyheter_St-Eriks-IPA_411x205px-350x175.jpg 350w\" sizes=\"(max-width: 411px) 100vw, 411px\" \/><\/div>\n\t\t\t\t\t<\/div>\n\t\t\t\t<\/div><\/div><\/div><\/div><\/div><div class=\"uncode_text_column vc_custom_1693577019092\"  style=\"padding-right: 15px ;padding-left: 15px ;\"><p><span class=\"font-477115\">S:t Eriks IPA &#8211; i ny design!<\/span><\/p>\n<\/div><span class=\"btn-container\" ><a role=\"button\"  href=\"https:\/\/www.steriksbryggeri.se\/en\/nyheter\/st-eriks-ipa-i-ny-design\/\" class=\"custom-link btn btn-sm btn-custom-typo font-145970 font-weight-700 text-uppercase fontspace-132101 border-width-0 btn-color-585877 btn-round btn-flat btn-icon-left\" title=\"S:t Eriks IPA\">Read more<\/a><\/span><\/div><\/div><\/div><\/div><\/div><div class=\"wpb_column pos-top pos-center align_center column_parent col-lg-3 boomapps_vccolumn single-internal-gutter\"><div class=\"uncol style-light\"  ><div class=\"uncoltable\"><div class=\"uncell  boomapps_vccolumn single-block-padding style-color-lxmt-bg\" ><div class=\"uncont\" ><div class=\"uncode-single-media  text-left\"><div class=\"single-wrapper\" style=\"max-width: 100%;\"><div class=\"tmb tmb-light  tmb-media-first tmb-media-last tmb-content-overlay tmb-no-bg\"><div class=\"t-inside\"><div class=\"t-entry-visual\"><div class=\"t-entry-visual-tc\"><div class=\"uncode-single-media-wrapper\"><img decoding=\"async\" class=\"wp-image-3296\" src=\"https:\/\/www.steriksbryggeri.se\/wp-content\/uploads\/2023\/09\/Nyheter_St-Eriks-Ljus-lager_411x205px.jpg\" width=\"411\" height=\"205\" alt=\"\" srcset=\"https:\/\/www.steriksbryggeri.se\/wp-content\/uploads\/2023\/09\/Nyheter_St-Eriks-Ljus-lager_411x205px.jpg 411w, https:\/\/www.steriksbryggeri.se\/wp-content\/uploads\/2023\/09\/Nyheter_St-Eriks-Ljus-lager_411x205px-300x150.jpg 300w, https:\/\/www.steriksbryggeri.se\/wp-content\/uploads\/2023\/09\/Nyheter_St-Eriks-Ljus-lager_411x205px-18x9.jpg 18w, https:\/\/www.steriksbryggeri.se\/wp-content\/uploads\/2023\/09\/Nyheter_St-Eriks-Ljus-lager_411x205px-350x175.jpg 350w\" sizes=\"(max-width: 411px) 100vw, 411px\" \/><\/div>\n\t\t\t\t\t<\/div>\n\t\t\t\t<\/div><\/div><\/div><\/div><\/div><div class=\"uncode_text_column vc_custom_1693554165007\"  style=\"padding-right: 15px ;padding-left: 15px ;\"><p><span class=\"font-477115\" style=\"color: black;\">S:t Eriks lager &#8211; v\u00e5r nya lager\u00f6l!<br \/>\n<\/span><\/p>\n<\/div><span class=\"btn-container\" ><a role=\"button\"  href=\"https:\/\/www.steriksbryggeri.se\/en\/nyheter\/st-eriks-ljus-lager-ar-var-nya-lagerol\/\" class=\"custom-link btn btn-sm btn-custom-typo font-145970 font-weight-700 text-uppercase fontspace-132101 border-width-0 btn-color-585877 btn-round btn-flat btn-icon-left\" title=\"Dubbelt upp med alkoholfritt fr\u00e5n S:t Eriks Bryggeri\">Read more<\/a><\/span><\/div><\/div><\/div><\/div><\/div><div class=\"wpb_column pos-top pos-center align_center column_parent col-lg-3 boomapps_vccolumn single-internal-gutter\"><div class=\"uncol style-light\"  ><div class=\"uncoltable\"><div class=\"uncell  boomapps_vccolumn single-block-padding style-color-lxmt-bg\" ><div class=\"uncont\" ><div class=\"uncode-single-media  text-center\"><div class=\"single-wrapper\" style=\"max-width: 100%;\"><div class=\"tmb tmb-light  tmb-media-first tmb-media-last tmb-content-overlay tmb-no-bg\"><div class=\"t-inside\"><div class=\"t-entry-visual\"><div class=\"t-entry-visual-tc\"><div class=\"uncode-single-media-wrapper\"><img decoding=\"async\" class=\"wp-image-3307\" src=\"https:\/\/www.steriksbryggeri.se\/wp-content\/uploads\/2023\/09\/Nyheter_Citra-Pale-Ale_411x205px.jpg\" width=\"411\" height=\"205\" alt=\"\" srcset=\"https:\/\/www.steriksbryggeri.se\/wp-content\/uploads\/2023\/09\/Nyheter_Citra-Pale-Ale_411x205px.jpg 411w, https:\/\/www.steriksbryggeri.se\/wp-content\/uploads\/2023\/09\/Nyheter_Citra-Pale-Ale_411x205px-300x150.jpg 300w, https:\/\/www.steriksbryggeri.se\/wp-content\/uploads\/2023\/09\/Nyheter_Citra-Pale-Ale_411x205px-18x9.jpg 18w, https:\/\/www.steriksbryggeri.se\/wp-content\/uploads\/2023\/09\/Nyheter_Citra-Pale-Ale_411x205px-350x175.jpg 350w\" sizes=\"(max-width: 411px) 100vw, 411px\" \/><\/div>\n\t\t\t\t\t<\/div>\n\t\t\t\t<\/div><\/div><\/div><\/div><\/div><div class=\"uncode_text_column vc_custom_1693566047756\"  style=\"padding-right: 15px ;padding-left: 15px ;\"><p><span class=\"font-477115\" style=\"color: black;\">Prisv\u00e4nlig m\u00e4stare f\u00e5r ny dr\u00e4kt!<\/span><\/p>\n<\/div><span class=\"btn-container\" ><a role=\"button\"  href=\"https:\/\/www.steriksbryggeri.se\/en\/nyheter\/prisvanlig-mastare-far-ny-drakt\/\" class=\"custom-link btn btn-sm btn-custom-typo font-145970 font-weight-700 text-uppercase fontspace-132101 border-width-0 btn-color-585877 btn-round btn-flat btn-icon-left\" title=\"Prisv\u00e4nlig m\u00e4stare f\u00e5r ny dr\u00e4kt\">Read more<\/a><\/span><\/div><\/div><\/div><\/div><\/div><div class=\"wpb_column pos-top pos-center align_center column_parent col-lg-3 boomapps_vccolumn single-internal-gutter\"><div class=\"uncol style-light\"  ><div class=\"uncoltable\"><div class=\"uncell  boomapps_vccolumn single-block-padding style-color-lxmt-bg\" ><div class=\"uncont\" ><div class=\"uncode-single-media  text-left\"><div class=\"single-wrapper\" style=\"max-width: 100%;\"><div class=\"tmb tmb-light  tmb-media-first tmb-media-last tmb-content-overlay tmb-no-bg\"><div class=\"t-inside\"><div class=\"t-entry-visual\"><div class=\"t-entry-visual-tc\"><div class=\"uncode-single-media-wrapper\"><img decoding=\"async\" class=\"wp-image-2665\" src=\"https:\/\/www.steriksbryggeri.se\/wp-content\/uploads\/2020\/03\/Leoparden_sejdel_webb.jpg\" width=\"411\" height=\"205\" alt=\"\" srcset=\"https:\/\/www.steriksbryggeri.se\/wp-content\/uploads\/2020\/03\/Leoparden_sejdel_webb.jpg 411w, https:\/\/www.steriksbryggeri.se\/wp-content\/uploads\/2020\/03\/Leoparden_sejdel_webb-300x150.jpg 300w\" sizes=\"(max-width: 411px) 100vw, 411px\" \/><\/div>\n\t\t\t\t\t<\/div>\n\t\t\t\t<\/div><\/div><\/div><\/div><\/div><div class=\"uncode_text_column vc_custom_1586935063373\"  style=\"padding-right: 15px ;padding-left: 15px ;\"><p><span class=\"font-477115\"><span class=\"font-477115\" style=\"color: black;\">S:t Eriks Bryggeri introducerar nytappad lager p\u00e5 ny\u00f6ppnade Leoparden<\/span><\/span><\/p>\n<\/div><span class=\"btn-container\" ><a role=\"button\"  href=\"https:\/\/www.steriksbryggeri.se\/en\/nyheter\/st-eriks-bryggeri-introducerar-nytappad-lager-pa-nyoppnade-leoparden\/\" class=\"custom-link btn btn-sm btn-custom-typo font-145970 font-weight-700 text-uppercase fontspace-132101 border-width-0 btn-color-585877 btn-round btn-flat btn-icon-left\" title=\"S:t Eriks Bryggeri introducerar nytappad lager p\u00e5 ny\u00f6ppnade Leoparden\">Read more<\/a><\/span><\/div><\/div><\/div><\/div><\/div><script id=\"script-row-unique-3\" data-row=\"script-row-unique-3\" type=\"text\/javascript\" class=\"vc_controls\">UNCODE.initRow(document.getElementById(\"row-unique-3\"));<\/script><\/div><\/div><\/div>\n<\/div>","protected":false},"excerpt":{"rendered":"S:t Eriks ljus lager - v\u00e5r nya lager\u00f6l!Vi har efter l\u00e5ng tid av tester och f\u00f6rs\u00f6k tagit fram en helt [...]","protected":false},"author":1,"featured_media":0,"parent":0,"menu_order":0,"comment_status":"closed","ping_status":"closed","template":"","meta":{"footnotes":""},"class_list":["post-363","page","type-page","status-publish","hentry"],"yoast_head":"<!-- This site is optimized with the Yoast SEO plugin v26.2 - https:\/\/yoast.com\/wordpress\/plugins\/seo\/ -->\n<title>Nyheter - St Eriks<\/title>\n<meta name=\"robots\" content=\"index, follow, max-snippet:-1, max-image-preview:large, max-video-preview:-1\" \/>\n<link rel=\"canonical\" href=\"https:\/\/www.steriksbryggeri.se\/en\/nyheter\/\" \/>\n<meta property=\"og:locale\" content=\"en_GB\" \/>\n<meta property=\"og:type\" content=\"article\" \/>\n<meta property=\"og:title\" content=\"Nyheter - St Eriks\" \/>\n<meta property=\"og:url\" content=\"https:\/\/www.steriksbryggeri.se\/en\/nyheter\/\" \/>\n<meta property=\"og:site_name\" content=\"St Eriks\" \/>\n<meta property=\"article:modified_time\" content=\"2023-09-01T14:04:01+00:00\" \/>\n<meta name=\"twitter:card\" content=\"summary_large_image\" \/>\n<meta name=\"twitter:label1\" content=\"Estimated reading time\" \/>\n\t<meta name=\"twitter:data1\" content=\"3 minutes\" \/>\n<script type=\"application\/ld+json\" class=\"yoast-schema-graph\">{\"@context\":\"https:\/\/schema.org\",\"@graph\":[{\"@type\":\"WebPage\",\"@id\":\"https:\/\/www.steriksbryggeri.se\/nyheter\/\",\"url\":\"https:\/\/www.steriksbryggeri.se\/nyheter\/\",\"name\":\"Nyheter - St Eriks\",\"isPartOf\":{\"@id\":\"https:\/\/www.steriksbryggeri.se\/#website\"},\"datePublished\":\"2019-10-16T14:09:42+00:00\",\"dateModified\":\"2023-09-01T14:04:01+00:00\",\"breadcrumb\":{\"@id\":\"https:\/\/www.steriksbryggeri.se\/nyheter\/#breadcrumb\"},\"inLanguage\":\"en-GB\",\"potentialAction\":[{\"@type\":\"ReadAction\",\"target\":[\"https:\/\/www.steriksbryggeri.se\/nyheter\/\"]}]},{\"@type\":\"BreadcrumbList\",\"@id\":\"https:\/\/www.steriksbryggeri.se\/nyheter\/#breadcrumb\",\"itemListElement\":[{\"@type\":\"ListItem\",\"position\":1,\"name\":\"Home\",\"item\":\"https:\/\/www.steriksbryggeri.se\/\"},{\"@type\":\"ListItem\",\"position\":2,\"name\":\"Nyheter\"}]},{\"@type\":\"WebSite\",\"@id\":\"https:\/\/www.steriksbryggeri.se\/#website\",\"url\":\"https:\/\/www.steriksbryggeri.se\/\",\"name\":\"St Eriks\",\"description\":\"\u00c4lskad \u00e4ven utanf\u00f6r Stockholm sedan 1859\",\"potentialAction\":[{\"@type\":\"SearchAction\",\"target\":{\"@type\":\"EntryPoint\",\"urlTemplate\":\"https:\/\/www.steriksbryggeri.se\/?s={search_term_string}\"},\"query-input\":{\"@type\":\"PropertyValueSpecification\",\"valueRequired\":true,\"valueName\":\"search_term_string\"}}],\"inLanguage\":\"en-GB\"}]}<\/script>\n<!-- \/ Yoast SEO plugin. -->","yoast_head_json":{"title":"Nyheter - St Eriks","robots":{"index":"index","follow":"follow","max-snippet":"max-snippet:-1","max-image-preview":"max-image-preview:large","max-video-preview":"max-video-preview:-1"},"canonical":"https:\/\/www.steriksbryggeri.se\/en\/nyheter\/","og_locale":"en_GB","og_type":"article","og_title":"Nyheter - St Eriks","og_url":"https:\/\/www.steriksbryggeri.se\/en\/nyheter\/","og_site_name":"St Eriks","article_modified_time":"2023-09-01T14:04:01+00:00","twitter_card":"summary_large_image","twitter_misc":{"Estimated reading time":"3 minutes"},"schema":{"@context":"https:\/\/schema.org","@graph":[{"@type":"WebPage","@id":"https:\/\/www.steriksbryggeri.se\/nyheter\/","url":"https:\/\/www.steriksbryggeri.se\/nyheter\/","name":"Nyheter - St Eriks","isPartOf":{"@id":"https:\/\/www.steriksbryggeri.se\/#website"},"datePublished":"2019-10-16T14:09:42+00:00","dateModified":"2023-09-01T14:04:01+00:00","breadcrumb":{"@id":"https:\/\/www.steriksbryggeri.se\/nyheter\/#breadcrumb"},"inLanguage":"en-GB","potentialAction":[{"@type":"ReadAction","target":["https:\/\/www.steriksbryggeri.se\/nyheter\/"]}]},{"@type":"BreadcrumbList","@id":"https:\/\/www.steriksbryggeri.se\/nyheter\/#breadcrumb","itemListElement":[{"@type":"ListItem","position":1,"name":"Home","item":"https:\/\/www.steriksbryggeri.se\/"},{"@type":"ListItem","position":2,"name":"Nyheter"}]},{"@type":"WebSite","@id":"https:\/\/www.steriksbryggeri.se\/#website","url":"https:\/\/www.steriksbryggeri.se\/","name":"St Eriks","description":"\u00c4lskad \u00e4ven utanf\u00f6r Stockholm sedan 1859","potentialAction":[{"@type":"SearchAction","target":{"@type":"EntryPoint","urlTemplate":"https:\/\/www.steriksbryggeri.se\/?s={search_term_string}"},"query-input":{"@type":"PropertyValueSpecification","valueRequired":true,"valueName":"search_term_string"}}],"inLanguage":"en-GB"}]}},"_links":{"self":[{"href":"https:\/\/www.steriksbryggeri.se\/en\/wp-json\/wp\/v2\/pages\/363","targetHints":{"allow":["GET"]}}],"collection":[{"href":"https:\/\/www.steriksbryggeri.se\/en\/wp-json\/wp\/v2\/pages"}],"about":[{"href":"https:\/\/www.steriksbryggeri.se\/en\/wp-json\/wp\/v2\/types\/page"}],"author":[{"embeddable":true,"href":"https:\/\/www.steriksbryggeri.se\/en\/wp-json\/wp\/v2\/users\/1"}],"replies":[{"embeddable":true,"href":"https:\/\/www.steriksbryggeri.se\/en\/wp-json\/wp\/v2\/comments?post=363"}],"version-history":[{"count":304,"href":"https:\/\/www.steriksbryggeri.se\/en\/wp-json\/wp\/v2\/pages\/363\/revisions"}],"predecessor-version":[{"id":3346,"href":"https:\/\/www.steriksbryggeri.se\/en\/wp-json\/wp\/v2\/pages\/363\/revisions\/3346"}],"wp:attachment":[{"href":"https:\/\/www.steriksbryggeri.se\/en\/wp-json\/wp\/v2\/media?parent=363"}],"curies":[{"name":"wp","href":"https:\/\/api.w.org\/{rel}","templated":true}]}}