{"id":50,"date":"2019-10-11T13:10:28","date_gmt":"2019-10-11T13:10:28","guid":{"rendered":"https:\/\/www.steriksbryggeri.se\/?page_id=50"},"modified":"2025-03-28T12:58:48","modified_gmt":"2025-03-28T12:58:48","slug":"om-oss","status":"publish","type":"page","link":"https:\/\/www.steriksbryggeri.se\/en\/om-oss\/","title":{"rendered":"About Us"},"content":{"rendered":"<div class=\"wpb-content-wrapper\"><div data-parent=\"true\" class=\"vc_row vc_custom_1573718482491 row-container boomapps_vcrow\" style=\"margin-top: -35px ;\" id=\"row-unique-0\"><div class=\"row col-half-gutter limit-width row-parent\"><div class=\"wpb_row row-inner\"><div class=\"wpb_column pos-top pos-center align_left column_parent col-lg-6 boomapps_vccolumn single-internal-gutter\"><div class=\"uncol style-light unexpand\"  ><div class=\"uncoltable\"><div class=\"uncell  boomapps_vccolumn single-block-padding\" ><div class=\"column-background background-element\">\n\t\t\t\t\t\t\t\t\t\t\t<div class=\"background-wrapper\">\n\t\t\t\t\t\t\t\t\t\t\t\t<div class=\"background-inner\" style=\"background-image: url(https:\/\/www.steriksbryggeri.se\/wp-content\/uploads\/2019\/10\/om_oss_top_1@3x.jpg);background-repeat: no-repeat;background-position: center center;background-size: cover;\" data-o_src=\"https:\/\/www.steriksbryggeri.se\/wp-content\/uploads\/2019\/10\/om_oss_top_1@3x.jpg\"><\/div>\n\t\t\t\t\t\t\t\t\t\t\t\t\n\t\t\t\t\t\t\t\t\t\t\t<\/div>\n\t\t\t\t\t\t\t\t\t\t<\/div><div class=\"uncont\" ><div class=\"empty-space empty-double\" ><span class=\"empty-space-inner\"><\/span><\/div>\n<div class=\"vc_row row-internal row-container boomapps_vcrow\"><div class=\"row row-child\"><div class=\"wpb_row row-inner\"><div class=\"wpb_column pos-top pos-center align_left column_child col-lg-12 content-desktop boomapps_vccolumn single-internal-gutter\"><div class=\"uncol style-light\" ><div class=\"uncoltable\"><div class=\"uncell  vc_custom_1573722855815 boomapps_vccolumn no-block-padding\" style=\"padding-right: 100px ;padding-left: 100px ;\" ><div class=\"uncont\" ><div class=\"vc_custom_heading_wrap\"><div class=\"heading-text el-text\" ><h1 class=\"font-477115 h1 fontheight-990300 font-weight-400 text-color-467212-color\" ><span>S:t Eriks &#8211;<\/p><\/span><span><p>En modern hantverks\u00f6l med anor fr\u00e5n 1859<\/span><\/h1><\/div><div class=\"clear\"><\/div><\/div><\/div><\/div><\/div><\/div><\/div><\/div><\/div><\/div><div class=\"vc_custom_heading_wrap content-mobile\"><div class=\"heading-text el-text\" ><h1 class=\"font-477115 h1 fontheight-177861 font-weight-400 text-color-467212-color\" ><span>S:t Eriks &#8211; En modern hantverks\u00f6l med anor fr\u00e5n 1859.<\/span><\/h1><\/div><div class=\"clear\"><\/div><\/div><div class=\"empty-space empty-double\" ><span class=\"empty-space-inner\"><\/span><\/div>\n<div class=\"empty-space empty-double\" ><span class=\"empty-space-inner\"><\/span><\/div>\n<div class=\"empty-space empty-single\" ><span class=\"empty-space-inner\"><\/span><\/div>\n<div class=\"uncode_text_column om-oss-text content-desktop vc_custom_1697619640969\"  style=\"padding-right: 100px ;padding-left: 100px ;\"><p>The beer was brewed at Kungholmstorg in Stockholm back in 1859 and there is no doubt that the characteristic taste had its origins from the capital; the water was pumped up from Riddarfj\u00e4rden to the brewery. The new beer had been inspired by the Bavarian brewery traditions and, although the beer achieved some success at the start, it was not until the 1870s that great success came when the Stockholm profile and brewmaster Calle P (Carl Magnus Peterson) made their mark on the brew.<\/p>\n<p>&nbsp;<\/p>\n<p>Several varieties saw the light of day and in addition to Bavarian beers, English beers, Swedish beers, Sugar drinks, Weak drinks, Ice-cold drinks, Porters, \u201cSk\u00e4nk\u00f6l\u201d and \u201cSpill\u00f6l\u201d were launched. The popular drinks were also distributed to Oscar II's court and towards the end of the 1870s the brewery was named Royal Court supplier. Around the turn of the century, S: t Eriks was the biggest beer in Stockholm and the success was crowned with a stately expansion of the brewery where the brand's logo was to adorn the entire southern facade.<\/p>\n<p>&nbsp;<\/p>\n<p>&nbsp;<\/p>\n<p>Fotokredit: Stockholmsk\u00e4llan 15\/10-2020<br \/>\n<a href=\"https:\/\/stockholmskallan.stockholm.se\/post\/4548 H\u00e4mtad 2023-06-12.\">https:\/\/stockholmskallan.stockholm.se\/post\/4548 H\u00e4mtad 2023-06-12.<\/a><\/p>\n<\/div><div class=\"uncode_text_column om-oss-text content-mobile\" ><p>The beer was brewed at Kungholmstorg in Stockholm back in 1859 and there is no doubt that the characteristic taste had its origins from the capital; the water was pumped up from Riddarfj\u00e4rden to the brewery. The new beer had been inspired by the Bavarian brewery traditions and, although the beer achieved some success at the start, it was not until the 1870s that great success came when the Stockholm profile and brewmaster Calle P (Carl Magnus Peterson) made their mark on the brew.<\/p>\n<p>Several varieties saw the light of day and in addition to Bavarian beers, English beers, Swedish beers, Sugar drinks, Weak drinks, Ice-cold drinks, Porters, \u201cSk\u00e4nk\u00f6l\u201d and \u201cSpill\u00f6l\u201d were launched. The popular drinks were also distributed to Oscar II's court and towards the end of the 1870s the brewery was named Royal Court supplier. Around the turn of the century, S: t Eriks was the biggest beer in Stockholm and the success was crowned with a stately expansion of the brewery where the brand's logo was to adorn the entire southern facade.<\/p>\n<\/div><div class=\"empty-space empty-double\" ><span class=\"empty-space-inner\"><\/span><\/div>\n<div class=\"empty-space empty-single\" ><span class=\"empty-space-inner\"><\/span><\/div>\n<\/div><\/div><\/div><\/div><\/div><div class=\"wpb_column pos-top pos-center align_left column_parent col-lg-1 boomapps_vccolumn desktop-hidden tablet-hidden mobile-hidden single-internal-gutter\"><div class=\"uncol style-light\"  ><div class=\"uncoltable\"><div class=\"uncell  boomapps_vccolumn no-block-padding\" ><div class=\"uncont\" ><\/div><\/div><\/div><\/div><\/div><div class=\"wpb_column pos-top pos-center align_left column_parent col-lg-5 boomapps_vccolumn single-internal-gutter\"><div class=\"uncol style-light unexpand\"  ><div class=\"uncoltable\"><div class=\"uncell  boomapps_vccolumn single-block-padding\" ><div class=\"column-background background-element\">\n\t\t\t\t\t\t\t\t\t\t\t<div class=\"background-wrapper\">\n\t\t\t\t\t\t\t\t\t\t\t\t<div class=\"background-inner\" style=\"background-image: url(https:\/\/www.steriksbryggeri.se\/wp-content\/uploads\/2019\/10\/St_Eriks_bryggeri_1915_om_oss_1@2x.jpg);background-repeat: no-repeat;background-position: center center;background-size: cover;\" data-o_src=\"https:\/\/www.steriksbryggeri.se\/wp-content\/uploads\/2019\/10\/St_Eriks_bryggeri_1915_om_oss_1@2x.jpg\"><\/div>\n\t\t\t\t\t\t\t\t\t\t\t\t\n\t\t\t\t\t\t\t\t\t\t\t<\/div>\n\t\t\t\t\t\t\t\t\t\t<\/div><div class=\"uncont\" ><div class=\"empty-space empty-triple\" ><span class=\"empty-space-inner\"><\/span><\/div>\n<div class=\"empty-space empty-triple\" ><span class=\"empty-space-inner\"><\/span><\/div>\n<div class=\"empty-space empty-triple\" ><span class=\"empty-space-inner\"><\/span><\/div>\n<div class=\"empty-space empty-triple\" ><span class=\"empty-space-inner\"><\/span><\/div>\n<div class=\"empty-space empty-triple\" ><span class=\"empty-space-inner\"><\/span><\/div>\n<div class=\"empty-space empty-triple\" ><span class=\"empty-space-inner\"><\/span><\/div>\n<div class=\"empty-space empty-single\" ><span class=\"empty-space-inner\"><\/span><\/div>\n<\/div><\/div><\/div><\/div><\/div><script id=\"script-row-unique-0\" data-row=\"script-row-unique-0\" type=\"text\/javascript\" class=\"vc_controls\">UNCODE.initRow(document.getElementById(\"row-unique-0\"));<\/script><\/div><\/div><\/div><div data-parent=\"true\" class=\"vc_row vc_custom_1574066989250 row-container boomapps_vcrow\" style=\"margin-top: -56px ;margin-bottom: -54px ;\" id=\"row-unique-1\"><div class=\"row col-half-gutter limit-width row-parent\"><div class=\"wpb_row row-inner\"><div class=\"wpb_column pos-top pos-center align_left column_parent col-lg-5 boomapps_vccolumn single-internal-gutter\"><div class=\"uncol style-light unexpand\"  ><div class=\"uncoltable\"><div class=\"uncell  vc_custom_1573729157471 boomapps_vccolumn single-block-padding\" style=\"padding-right: 100px ;padding-left: 122px ;\" ><div class=\"column-background background-element\">\n\t\t\t\t\t\t\t\t\t\t\t<div class=\"background-wrapper\">\n\t\t\t\t\t\t\t\t\t\t\t\t<div class=\"background-inner\" style=\"background-image: url(https:\/\/www.steriksbryggeri.se\/wp-content\/uploads\/2019\/10\/St_Eriks_bryggeri_1898_om_oss_1@3x.jpg);background-repeat: no-repeat;background-position: center top;background-size: cover;\" data-o_src=\"https:\/\/www.steriksbryggeri.se\/wp-content\/uploads\/2019\/10\/St_Eriks_bryggeri_1898_om_oss_1@3x.jpg\"><\/div>\n\t\t\t\t\t\t\t\t\t\t\t\t\n\t\t\t\t\t\t\t\t\t\t\t<\/div>\n\t\t\t\t\t\t\t\t\t\t<\/div><div class=\"uncont\" ><div class=\"empty-space empty-single\" ><span class=\"empty-space-inner\"><\/span><\/div>\n<div class=\"empty-space empty-triple\" ><span class=\"empty-space-inner\"><\/span><\/div>\n<div class=\"empty-space empty-triple\" ><span class=\"empty-space-inner\"><\/span><\/div>\n<div class=\"empty-space empty-triple\" ><span class=\"empty-space-inner\"><\/span><\/div>\n<div class=\"empty-space empty-triple\" ><span class=\"empty-space-inner\"><\/span><\/div>\n<div class=\"empty-space empty-triple\" ><span class=\"empty-space-inner\"><\/span><\/div>\n<div class=\"empty-space empty-single\" ><span class=\"empty-space-inner\"><\/span><\/div>\n<\/div><\/div><\/div><\/div><\/div><div class=\"wpb_column pos-top pos-center align_left column_parent col-lg-1 boomapps_vccolumn desktop-hidden tablet-hidden mobile-hidden single-internal-gutter\"><div class=\"uncol style-light\"  ><div class=\"uncoltable\"><div class=\"uncell  boomapps_vccolumn no-block-padding\" ><div class=\"uncont\" ><\/div><\/div><\/div><\/div><\/div><div class=\"wpb_column pos-middle pos-center align_left column_parent col-lg-6 boomapps_vccolumn single-internal-gutter\"><div class=\"uncol style-light unexpand\"  ><div class=\"uncoltable\"><div class=\"uncell  boomapps_vccolumn single-block-padding style-color-795504-bg\" ><div class=\"uncont\" ><div class=\"empty-space empty-single tablet-hidden mobile-hidden\" ><span class=\"empty-space-inner\"><\/span><\/div>\n<div class=\"empty-space empty-quart desktop-hidden tablet-hidden\" ><span class=\"empty-space-inner\"><\/span><\/div>\n<div class=\"vc_row row-internal row-container boomapps_vcrow\"><div class=\"row row-child\"><div class=\"wpb_row row-inner\"><div class=\"wpb_column pos-top pos-center align_left column_child col-lg-12 content-desktop boomapps_vccolumn single-internal-gutter\"><div class=\"uncol style-light\" ><div class=\"uncoltable\"><div class=\"uncell  vc_custom_1573722855815 boomapps_vccolumn no-block-padding\" style=\"padding-right: 100px ;padding-left: 100px ;\" ><div class=\"uncont\" ><div class=\"vc_custom_heading_wrap\"><div class=\"heading-text el-text\" ><h1 class=\"font-477115 h1 fontheight-990300 font-weight-400 text-color-jevc-color\" ><span>From the  past to the present.<\/span><\/h1><\/div><div class=\"clear\"><\/div><\/div><\/div><\/div><\/div><\/div><\/div><\/div><\/div><\/div><div class=\"vc_custom_heading_wrap content-mobile\"><div class=\"heading-text el-text\" ><h1 class=\"font-477115 h1 fontheight-177861 font-weight-400 text-color-jevc-color\" ><span>From the  past to the present.<\/span><\/h1><\/div><div class=\"clear\"><\/div><\/div><div class=\"empty-space empty-triple\" ><span class=\"empty-space-inner\"><\/span><\/div>\n<div class=\"uncode_text_column om-oss-text2-mobil content-desktop vc_custom_1743166662100\"  style=\"padding-right: 100px ;padding-left: 100px ;\"><p>Like several other beer brands, S: t Eriks was affected by stricter sobriety legislation during the 1920s and later by increased competition and most consolidations during the second half of the century. But in 2010, S:t Eriks return came when at Galatea we stepped in as new owner with the vision of recreating the brand as a modern quality beer with the brewery traditions of 1859. Seven new beers were introduced, mainly inspired by American and British craft beer. The experts gave the beer the highest rating and during the journey we have also produced several notable speciality beers.<\/p>\n<p>&nbsp;<\/p>\n<p><span data-teams=\"true\">S:t Eriks bryggm\u00e4stare styr idag \u00f6ver de unika recepten och \u00f6verser produktionen hos olika samarbetspartners. Alla f\u00f6renade av en stark passion att ta fram h\u00f6gkvalitativ \u00f6l med unik karakt\u00e4r och en god smak!<\/span><\/p>\n<\/div><div class=\"uncode_text_column om-oss-text2-mobil content-mobile\" ><p><span class=\"font-481936\">Like several other beer brands, S: t Eriks was affected by stricter sobriety legislation during the 1920s and later by increased competition and most consolidations during the second half of the century. But in 2010, S:t Eriks return came when at Galatea we stepped in as new owner with the vision of recreating the brand as a modern quality beer with the brewery traditions of 1859. Seven new beers were introduced, mainly inspired by American and British craft beer. The experts gave the beer the highest rating and during the journey we have also produced several notable speciality beers. <\/span><\/p>\n<p><span class=\"font-481936\"><br \/>\n<span data-teams=\"true\">S:t Eriks bryggm\u00e4stare styr idag \u00f6ver de unika recepten och \u00f6verser produktionen hos olika samarbetspartners. Alla f\u00f6renade av en stark passion att ta fram h\u00f6gkvalitativ \u00f6l med unik karakt\u00e4r och en god smak!<\/span><br \/>\n<\/span><\/p>\n<\/div><div class=\"empty-space empty-single desktop-hidden tablet-hidden\" ><span class=\"empty-space-inner\"><\/span><\/div>\n<\/div><\/div><\/div><\/div><\/div><script id=\"script-row-unique-1\" data-row=\"script-row-unique-1\" type=\"text\/javascript\" class=\"vc_controls\">UNCODE.initRow(document.getElementById(\"row-unique-1\"));<\/script><\/div><\/div><\/div>\n<\/div>","protected":false},"excerpt":{"rendered":"S:t Eriks -En modern hantverks\u00f6l med anor fr\u00e5n 1859S:t Eriks - En modern hantverks\u00f6l med anor fr\u00e5n 1859. Redan \u00e4r [...]","protected":false},"author":1,"featured_media":0,"parent":0,"menu_order":0,"comment_status":"closed","ping_status":"closed","template":"","meta":{"footnotes":""},"class_list":["post-50","page","type-page","status-publish","hentry"],"yoast_head":"<!-- This site is optimized with the Yoast SEO plugin v26.2 - https:\/\/yoast.com\/wordpress\/plugins\/seo\/ -->\n<title>Om Oss - St Eriks<\/title>\n<meta name=\"robots\" content=\"index, follow, max-snippet:-1, max-image-preview:large, max-video-preview:-1\" \/>\n<link rel=\"canonical\" href=\"https:\/\/www.steriksbryggeri.se\/en\/om-oss\/\" \/>\n<meta property=\"og:locale\" content=\"en_GB\" \/>\n<meta property=\"og:type\" content=\"article\" \/>\n<meta property=\"og:title\" content=\"Om Oss - St Eriks\" \/>\n<meta property=\"og:url\" content=\"https:\/\/www.steriksbryggeri.se\/en\/om-oss\/\" \/>\n<meta property=\"og:site_name\" content=\"St Eriks\" \/>\n<meta property=\"article:modified_time\" content=\"2025-03-28T12:58:48+00:00\" \/>\n<meta name=\"twitter:card\" content=\"summary_large_image\" \/>\n<meta name=\"twitter:label1\" content=\"Estimated reading time\" \/>\n\t<meta name=\"twitter:data1\" content=\"4 minutes\" \/>\n<script type=\"application\/ld+json\" class=\"yoast-schema-graph\">{\"@context\":\"https:\/\/schema.org\",\"@graph\":[{\"@type\":\"WebPage\",\"@id\":\"https:\/\/www.steriksbryggeri.se\/om-oss\/\",\"url\":\"https:\/\/www.steriksbryggeri.se\/om-oss\/\",\"name\":\"Om Oss - St Eriks\",\"isPartOf\":{\"@id\":\"https:\/\/www.steriksbryggeri.se\/#website\"},\"datePublished\":\"2019-10-11T13:10:28+00:00\",\"dateModified\":\"2025-03-28T12:58:48+00:00\",\"breadcrumb\":{\"@id\":\"https:\/\/www.steriksbryggeri.se\/om-oss\/#breadcrumb\"},\"inLanguage\":\"en-GB\",\"potentialAction\":[{\"@type\":\"ReadAction\",\"target\":[\"https:\/\/www.steriksbryggeri.se\/om-oss\/\"]}]},{\"@type\":\"BreadcrumbList\",\"@id\":\"https:\/\/www.steriksbryggeri.se\/om-oss\/#breadcrumb\",\"itemListElement\":[{\"@type\":\"ListItem\",\"position\":1,\"name\":\"Home\",\"item\":\"https:\/\/www.steriksbryggeri.se\/\"},{\"@type\":\"ListItem\",\"position\":2,\"name\":\"Om Oss\"}]},{\"@type\":\"WebSite\",\"@id\":\"https:\/\/www.steriksbryggeri.se\/#website\",\"url\":\"https:\/\/www.steriksbryggeri.se\/\",\"name\":\"St Eriks\",\"description\":\"\u00c4lskad \u00e4ven utanf\u00f6r Stockholm sedan 1859\",\"potentialAction\":[{\"@type\":\"SearchAction\",\"target\":{\"@type\":\"EntryPoint\",\"urlTemplate\":\"https:\/\/www.steriksbryggeri.se\/?s={search_term_string}\"},\"query-input\":{\"@type\":\"PropertyValueSpecification\",\"valueRequired\":true,\"valueName\":\"search_term_string\"}}],\"inLanguage\":\"en-GB\"}]}<\/script>\n<!-- \/ Yoast SEO plugin. -->","yoast_head_json":{"title":"Om Oss - St Eriks","robots":{"index":"index","follow":"follow","max-snippet":"max-snippet:-1","max-image-preview":"max-image-preview:large","max-video-preview":"max-video-preview:-1"},"canonical":"https:\/\/www.steriksbryggeri.se\/en\/om-oss\/","og_locale":"en_GB","og_type":"article","og_title":"Om Oss - St Eriks","og_url":"https:\/\/www.steriksbryggeri.se\/en\/om-oss\/","og_site_name":"St Eriks","article_modified_time":"2025-03-28T12:58:48+00:00","twitter_card":"summary_large_image","twitter_misc":{"Estimated reading time":"4 minutes"},"schema":{"@context":"https:\/\/schema.org","@graph":[{"@type":"WebPage","@id":"https:\/\/www.steriksbryggeri.se\/om-oss\/","url":"https:\/\/www.steriksbryggeri.se\/om-oss\/","name":"Om Oss - St Eriks","isPartOf":{"@id":"https:\/\/www.steriksbryggeri.se\/#website"},"datePublished":"2019-10-11T13:10:28+00:00","dateModified":"2025-03-28T12:58:48+00:00","breadcrumb":{"@id":"https:\/\/www.steriksbryggeri.se\/om-oss\/#breadcrumb"},"inLanguage":"en-GB","potentialAction":[{"@type":"ReadAction","target":["https:\/\/www.steriksbryggeri.se\/om-oss\/"]}]},{"@type":"BreadcrumbList","@id":"https:\/\/www.steriksbryggeri.se\/om-oss\/#breadcrumb","itemListElement":[{"@type":"ListItem","position":1,"name":"Home","item":"https:\/\/www.steriksbryggeri.se\/"},{"@type":"ListItem","position":2,"name":"Om Oss"}]},{"@type":"WebSite","@id":"https:\/\/www.steriksbryggeri.se\/#website","url":"https:\/\/www.steriksbryggeri.se\/","name":"St Eriks","description":"\u00c4lskad \u00e4ven utanf\u00f6r Stockholm sedan 1859","potentialAction":[{"@type":"SearchAction","target":{"@type":"EntryPoint","urlTemplate":"https:\/\/www.steriksbryggeri.se\/?s={search_term_string}"},"query-input":{"@type":"PropertyValueSpecification","valueRequired":true,"valueName":"search_term_string"}}],"inLanguage":"en-GB"}]}},"_links":{"self":[{"href":"https:\/\/www.steriksbryggeri.se\/en\/wp-json\/wp\/v2\/pages\/50","targetHints":{"allow":["GET"]}}],"collection":[{"href":"https:\/\/www.steriksbryggeri.se\/en\/wp-json\/wp\/v2\/pages"}],"about":[{"href":"https:\/\/www.steriksbryggeri.se\/en\/wp-json\/wp\/v2\/types\/page"}],"author":[{"embeddable":true,"href":"https:\/\/www.steriksbryggeri.se\/en\/wp-json\/wp\/v2\/users\/1"}],"replies":[{"embeddable":true,"href":"https:\/\/www.steriksbryggeri.se\/en\/wp-json\/wp\/v2\/comments?post=50"}],"version-history":[{"count":164,"href":"https:\/\/www.steriksbryggeri.se\/en\/wp-json\/wp\/v2\/pages\/50\/revisions"}],"predecessor-version":[{"id":3495,"href":"https:\/\/www.steriksbryggeri.se\/en\/wp-json\/wp\/v2\/pages\/50\/revisions\/3495"}],"wp:attachment":[{"href":"https:\/\/www.steriksbryggeri.se\/en\/wp-json\/wp\/v2\/media?parent=50"}],"curies":[{"name":"wp","href":"https:\/\/api.w.org\/{rel}","templated":true}]}}