{"id":555,"date":"2019-10-25T14:48:26","date_gmt":"2019-10-25T14:48:26","guid":{"rendered":"https:\/\/www.steriksbryggeri.se\/?page_id=555"},"modified":"2019-11-15T14:47:09","modified_gmt":"2019-11-15T14:47:09","slug":"cookies","status":"publish","type":"page","link":"https:\/\/www.steriksbryggeri.se\/en\/cookies\/","title":{"rendered":"Cookies"},"content":{"rendered":"<div class=\"wpb-content-wrapper\"><div data-parent=\"true\" class=\"vc_row vc_custom_1573824331506 row-container boomapps_vcrow\" style=\"margin-top: -35px ;margin-bottom: -35px ;\" id=\"row-unique-0\"><div class=\"row limit-width row-parent\"><div class=\"wpb_row row-inner\"><div class=\"wpb_column pos-top pos-center align_left column_parent col-lg-12 boomapps_vccolumn single-internal-gutter\"><div class=\"uncol style-light\"  ><div class=\"uncoltable\"><div class=\"uncell  boomapps_vccolumn single-block-padding style-color-795504-bg\" ><div class=\"uncont\" ><div class=\"vc_row content-desktop vc_custom_1573824772328 row-internal row-container mobile-hidden boomapps_vcrow\" style=\"padding-right: 50px ;padding-left: 50px ;\"><div class=\"row row-child\"><div class=\"wpb_row row-inner\"><div class=\"wpb_column pos-top pos-center align_left column_child col-lg-12 content-desktop boomapps_vccolumn col-sm-100 single-internal-gutter\"><div class=\"uncol style-light\" ><div class=\"uncoltable\"><div class=\"uncell  vc_custom_1573824718776 boomapps_vccolumn no-block-padding\" style=\"padding-right: 120px ;padding-left: 120px ;\" ><div class=\"uncont\" ><div class=\"empty-space empty-double\" ><span class=\"empty-space-inner\"><\/span><\/div>\n<div class=\"vc_custom_heading_wrap\"><div class=\"heading-text el-text\" ><h1 class=\"font-477115 h1 fontheight-990300 text-color-jevc-color\" ><span><span class=\"font-477115\">Cookies<\/span><\/span><\/h1><\/div><div class=\"clear\"><\/div><\/div><div class=\"uncode_text_column cookies-text\" ><p> <strong>Information om behandling av personuppgifter<\/strong><br \/>\n<span class=\"font-481936\">Information till er som bes\u00f6ker webbplatsen om cookies och GDPR. Varf\u00f6r samlar vi in personuppgifter och hur behandlas de?<\/span><\/p>\n<p><strong>Om Cookies<\/strong><br \/>\n<span class=\"font-481936\">Du l\u00e4mnar ditt samtycke till att vi placerar cookies p\u00e5 din dator, om din webbl\u00e4sare eller motsvarande utrustning \u00e4r inst\u00e4lld p\u00e5 att till\u00e5ta cookies. Du tar tillbaka ditt samtycke genom att \u00e4ndra webbl\u00e4sarens inst\u00e4llning.<\/span><\/p>\n<p><strong>Vad \u00e4r cookies (kakor)?<\/strong><br \/>\n<span class=\"font-481936\">En cookie \u00e4r en liten textfil som webbplatsen du bes\u00f6ker sparar p\u00e5 din dator. Cookies anv\u00e4nds p\u00e5 m\u00e5nga webbplatser f\u00f6r att ge en bes\u00f6kare tillg\u00e5ng till olika funktioner. Informationen i cookien \u00e4r m\u00f6jlig att anv\u00e4nda f\u00f6r att f\u00f6lja en anv\u00e4ndares surfande inom en specifik webbplats.<\/span><\/p>\n<p><span class=\"font-481936 font-198439\">Det finns tv\u00e5 typer av cookies. Den ena typen sparar en fil under en l\u00e4ngre tid p\u00e5 din dator. Den anv\u00e4nds till exempel vid funktioner som talar om vad som \u00e4r nytt sedan anv\u00e4ndaren senast bes\u00f6kte den aktuella webbplatsen. Den andra typen av cookies kallas sessionscookies. Under tiden du \u00e4r inne och surfar p\u00e5 en sida, lagras den h\u00e4r cookien tempor\u00e4rt i din dators minne exempelvis f\u00f6r att h\u00e5lla reda p\u00e5 vilket spr\u00e5k du har valt. Sessionscookies lagras inte under en l\u00e4ngre tid p\u00e5 din dator, utan f\u00f6rsvinner n\u00e4r du st\u00e4nger din webbl\u00e4sare.<\/span><\/p>\n<p><span class=\"font-481936 font-198439\">Mer information om cookies och hur du undviker dem finns att l\u00e4sa p\u00e5 Post- och telestyrelsens webbplats, pts.se och p\u00e5 minacookies.se<\/span><\/p>\n<p><strong>Vi anv\u00e4nder cookies!<\/strong><br \/>\n<span class=\"font-481936 font-198439\">P\u00e5 den h\u00e4r webbplatsen anv\u00e4nds cookies f\u00f6r att underl\u00e4tta f\u00f6r bes\u00f6karna och ge tillg\u00e5ng till olika funktioner och olika typer av information.<\/span><\/p>\n<p><strong>Google Analytics<\/strong><br \/>\n<span class=\"font-481936 font-198439\">Statistikverktyget Google analytics placerar en cookie p\u00e5 din dator som samlar in information om hur du surfar runt p\u00e5 v\u00e5r webbplats. Vi anv\u00e4nder informationen f\u00f6r att se vilket inneh\u00e5ll som \u00e4r popul\u00e4rt samt att f\u00f6rb\u00e4ttra webbplatsen. Statistikverktygets cookie inneh\u00e5ller ingen information om vem du \u00e4r. Vi kan inte identifiera dig eller din dator.<\/span><\/p>\n<p><span class=\"font-481936 font-198439\">Om du vill veta mer kan du l\u00e4sa Google Sekretess-policy som beskriver hur din information anv\u00e4nds hos Google: google.com\/policies<\/span><\/p>\n<p><strong>Om att l\u00e4mna eller ta tillbaka ditt samtycke<\/strong><br \/>\n<span class=\"font-481936 font-198439\">\u00c4r din webbl\u00e4sare inst\u00e4lld p\u00e5 att till\u00e5ta cookies har du l\u00e4mnat ditt samtycke till att vi placerar cookies p\u00e5 din dator. Du kan ta tillbaka ditt samtycke genom att \u00e4ndra inst\u00e4llningar i webbl\u00e4saren.<\/span><\/p>\n<p><strong>St\u00e4nga av cookies i webbl\u00e4saren<\/strong><\/p>\n<p><strong>Internet Explorer<\/strong><br \/>\n<span class=\"font-481936 font-198439\">\u00d6ppna verktygsmenyn, v\u00e4lj Internetalternativ, g\u00e5 till fliken Sekretess i dialogrutan Internetalternativ, flytta reglaget f\u00f6r att \u00e4ndra inst\u00e4llningar.\u00a0 windows.microsoft.com<\/span><\/p>\n<p><strong>Edge<\/strong><br \/>\n<span class=\"font-481936 font-198439\">V\u00e4lj Mer &gt; Inst\u00e4llningar. V\u00e4lj sedan Visa avancerade inst\u00e4llningar under Avancerade inst\u00e4llningar och \u00f6nskat alternativ under Sekretess och tj\u00e4nster &gt; Cookies. (Blockera alla cookies blockerar alla cookies som webbplatser f\u00f6rs\u00f6ker spara p\u00e5 din dator. Blockera endast cookies fr\u00e5n tredje part blockerar cookies fr\u00e5n tredje part som sparas av externa webbtj\u00e4nster, till exempel inb\u00e4ddade annonser p\u00e5 webbsidor som du har bes\u00f6kt.)\u00a0 windows.microsoft.com<\/span><\/p>\n<p><strong>Firefox<\/strong><br \/>\n<span class=\"font-481936 font-198439\">\u00d6ppna menyn (verktyg), v\u00e4lj inst\u00e4llningar, g\u00e5 till vyn Sekretess i dialogrutan Inst\u00e4llningar, \u00e4ndra hur Firefox ska spara information med rullgardinslisten.\u00a0 support.mozilla.org<\/span><\/p>\n<p><strong>Chrome<\/strong><br \/>\n<span class=\"font-481936 font-198439\">\u00d6ppna anpassa-menyn, v\u00e4lj alternativ, g\u00e5 till vyn Under huven, v\u00e4lj Inneh\u00e5llshantering vid rubriken Sekretess, \u00e4ndra hur Chrome hanterar cookies.\u00a0 support.google.com\/chrome<\/span><\/p>\n<p><strong>Behandling av personuppgifter<\/strong><br \/>\n<span class=\"font-481936 font-198439\">F\u00f6r att kunna best\u00e4lla varor hos S:t Eriksbryggeri m\u00e5ste ditt f\u00f6retag\/din verksamhet finnas registrerade som kund hos oss. F\u00f6r kunder som finns registrerade i S:t Eriksbryggeri kunddatabas finns i de flesta fall ocks\u00e5 personuppgifter f\u00f6r kontaktperson\/er i kundernas verksamhet.<\/span><\/p>\n<p><span class=\"font-481936 font-198439\">I vissa digitala tj\u00e4nster, vid anm\u00e4lningar till event eller utbildningar och vid anm\u00e4lan om prenumeration av digitala nyhetsbrev samlar vi in personuppgifter via digitala formul\u00e4r. Dessa personuppgifter anv\u00e4ndas f\u00f6r att administrera tj\u00e4nster, information och marknadsf\u00f6ring. Personuppgifterna anv\u00e4nds ocks\u00e5 f\u00f6r att analysera, kategorisera och kvalitetss\u00e4kra kunders beteende i de digitala kanalerna, samt f\u00f6r att sammanst\u00e4lla statistik. Genom att du fyller i ett anm\u00e4lningsformul\u00e4r eller kryssar i en ruta f\u00f6r att prenumerera p\u00e5 information fr\u00e5n oss samtycker du till att dina personuppgifter anv\u00e4nds f\u00f6r ovanst\u00e5ende \u00e4ndam\u00e5l. Det g\u00e5r inte att anv\u00e4nda v\u00e5ra digitala tj\u00e4nster utan att godk\u00e4nna att vi behandlar dina personuppgifter p\u00e5 det h\u00e4r s\u00e4ttet.<\/span><\/p>\n<p><span class=\"font-481936 font-198439\">Vill du veta mer om hur vi hanterar personuppgifter, l\u00e4s v\u00e5r <a href=\"https:\/\/www.galatea.se\/en\/cookies\/\" target=\"_blank\" rel=\"noopener noreferrer\">integritetspolicy<\/a>.<\/span> <\/p>\n<\/div><\/div><\/div><\/div><\/div><\/div><\/div><\/div><\/div><div class=\"vc_row content-mobile row-internal row-container desktop-hidden tablet-hidden boomapps_vcrow\"><div class=\"row row-child\"><div class=\"wpb_row row-inner\"><div class=\"wpb_column pos-top pos-center align_left column_child col-lg-12 boomapps_vccolumn col-sm-100 single-internal-gutter\"><div class=\"uncol style-light\" ><div class=\"uncoltable\"><div class=\"uncell  boomapps_vccolumn no-block-padding\" ><div class=\"uncont\" ><div class=\"vc_custom_heading_wrap\"><div class=\"heading-text el-text\" ><h1 class=\"font-477115 h1 fontheight-990300 text-color-jevc-color\" ><span><span class=\"font-477115\">Cookies<\/span><\/span><\/h1><\/div><div class=\"clear\"><\/div><\/div><div class=\"uncode_text_column cookies-text\" ><p><strong>Information om behandling av personuppgifter<\/strong><br \/>\nInformation till er som bes\u00f6ker webbplatsen om cookies och GDPR. Varf\u00f6r samlar vi in personuppgifter och hur behandlas de?<\/p>\n<p><strong>Om Cookies<\/strong><br \/>\nDu l\u00e4mnar ditt samtycke till att vi placerar cookies p\u00e5 din dator, om din webbl\u00e4sare eller motsvarande utrustning \u00e4r inst\u00e4lld p\u00e5 att till\u00e5ta cookies. Du tar tillbaka ditt samtycke genom att \u00e4ndra webbl\u00e4sarens inst\u00e4llning.<\/p>\n<p><strong>Vad \u00e4r cookies (kakor)?<\/strong><br \/>\nEn cookie \u00e4r en liten textfil som webbplatsen du bes\u00f6ker sparar p\u00e5 din dator. Cookies anv\u00e4nds p\u00e5 m\u00e5nga webbplatser f\u00f6r att ge en bes\u00f6kare tillg\u00e5ng till olika funktioner. Informationen i cookien \u00e4r m\u00f6jlig att anv\u00e4nda f\u00f6r att f\u00f6lja en anv\u00e4ndares surfande inom en specifik webbplats.<br \/>\nDet finns tv\u00e5 typer av cookies. Den ena typen sparar en fil under en l\u00e4ngre tid p\u00e5 din dator. Den anv\u00e4nds till exempel vid funktioner som talar om vad som \u00e4r nytt sedan anv\u00e4ndaren senast bes\u00f6kte den aktuella webbplatsen. Den andra typen av cookies kallas sessionscookies. Under tiden du \u00e4r inne och surfar p\u00e5 en sida, lagras den h\u00e4r cookien tempor\u00e4rt i din dators minne exempelvis f\u00f6r att h\u00e5lla reda p\u00e5 vilket spr\u00e5k du har valt. Sessionscookies lagras inte under en l\u00e4ngre tid p\u00e5 din dator, utan f\u00f6rsvinner n\u00e4r du st\u00e4nger din webbl\u00e4sare.<br \/>\nMer information om cookies och hur du undviker dem finns att l\u00e4sa p\u00e5 Post- och telestyrelsens webbplats, pts.se och p\u00e5 minacookies.se<\/p>\n<p><strong>Vi anv\u00e4nder cookies!<\/strong><br \/>\nP\u00e5 den h\u00e4r webbplatsen anv\u00e4nds cookies f\u00f6r att underl\u00e4tta f\u00f6r bes\u00f6karna och ge tillg\u00e5ng till olika funktioner och olika typer av information.<\/p>\n<p><strong>Google Analytics<\/strong><br \/>\nStatistikverktyget Google analytics placerar en cookie p\u00e5 din dator som samlar in information om hur du surfar runt p\u00e5 v\u00e5r webbplats. Vi anv\u00e4nder informationen f\u00f6r att se vilket inneh\u00e5ll som \u00e4r popul\u00e4rt samt att f\u00f6rb\u00e4ttra webbplatsen. Statistikverktygets cookie inneh\u00e5ller ingen information om vem du \u00e4r. Vi kan inte identifiera dig eller din dator.<br \/>\nOm du vill veta mer kan du l\u00e4sa Google Sekretess-policy som beskriver hur din information anv\u00e4nds hos Google: google.com\/policies<br \/>\nOm att l\u00e4mna eller ta tillbaka ditt samtycke<br \/>\n\u00c4r din webbl\u00e4sare inst\u00e4lld p\u00e5 att till\u00e5ta cookies har du l\u00e4mnat ditt samtycke till att vi placerar cookies p\u00e5 din dator. Du kan ta tillbaka ditt samtycke genom att \u00e4ndra inst\u00e4llningar i webbl\u00e4saren.<\/p>\n<p><strong>St\u00e4nga av cookies i webbl\u00e4saren<\/strong><\/p>\n<p><strong>Internet Explorer<\/strong><br \/>\n\u00d6ppna verktygsmenyn, v\u00e4lj Internetalternativ, g\u00e5 till fliken Sekretess i dialogrutan Internetalternativ, flytta reglaget f\u00f6r att \u00e4ndra inst\u00e4llningar.\u00a0 windows.microsoft.com<\/p>\n<p><strong>Edge<\/strong><br \/>\nV\u00e4lj Mer &gt; Inst\u00e4llningar. V\u00e4lj sedan Visa avancerade inst\u00e4llningar under Avancerade inst\u00e4llningar och \u00f6nskat alternativ under Sekretess och tj\u00e4nster &gt; Cookies. (Blockera alla cookies blockerar alla cookies som webbplatser f\u00f6rs\u00f6ker spara p\u00e5 din dator. Blockera endast cookies fr\u00e5n tredje part blockerar cookies fr\u00e5n tredje part som sparas av externa webbtj\u00e4nster, till exempel inb\u00e4ddade annonser p\u00e5 webbsidor som du har bes\u00f6kt.)\u00a0 windows.microsoft.com<\/p>\n<p><strong>Firefox<\/strong><br \/>\n\u00d6ppna menyn (verktyg), v\u00e4lj inst\u00e4llningar, g\u00e5 till vyn Sekretess i dialogrutan Inst\u00e4llningar, \u00e4ndra hur Firefox ska spara information med rullgardinslisten.\u00a0 support.mozilla.org<\/p>\n<p><strong>Chrome<\/strong><br \/>\n\u00d6ppna anpassa-menyn, v\u00e4lj alternativ, g\u00e5 till vyn Under huven, v\u00e4lj Inneh\u00e5llshantering vid rubriken Sekretess, \u00e4ndra hur Chrome hanterar cookies.\u00a0 support.google.com\/chrome<\/p>\n<p><strong>Behandling av personuppgifter<\/strong><br \/>\nF\u00f6r att kunna best\u00e4lla varor hos S:t Eriksbryggeri m\u00e5ste ditt f\u00f6retag\/din verksamhet finnas registrerade som kund hos oss. F\u00f6r kunder som finns registrerade i S:t Eriksbryggeri kunddatabas finns i de flesta fall ocks\u00e5 personuppgifter f\u00f6r kontaktperson\/er i kundernas verksamhet.<\/p>\n<p>I vissa digitala tj\u00e4nster, vid anm\u00e4lningar till event eller utbildningar och vid anm\u00e4lan om prenumeration av digitala nyhetsbrev samlar vi in personuppgifter via digitala formul\u00e4r. Dessa personuppgifter anv\u00e4ndas f\u00f6r att administrera tj\u00e4nster, information och marknadsf\u00f6ring. Personuppgifterna anv\u00e4nds ocks\u00e5 f\u00f6r att analysera, kategorisera och kvalitetss\u00e4kra kunders beteende i de digitala kanalerna, samt f\u00f6r att sammanst\u00e4lla statistik. Genom att du fyller i ett anm\u00e4lningsformul\u00e4r eller kryssar i en ruta f\u00f6r att prenumerera p\u00e5 information fr\u00e5n oss samtycker du till att dina personuppgifter anv\u00e4nds f\u00f6r ovanst\u00e5ende \u00e4ndam\u00e5l. Det g\u00e5r inte att anv\u00e4nda v\u00e5ra digitala tj\u00e4nster utan att godk\u00e4nna att vi behandlar dina personuppgifter p\u00e5 det h\u00e4r s\u00e4ttet.<br \/>\nVill du veta mer om hur vi hanterar personuppgifter, l\u00e4s v\u00e5r <a href=\"https:\/\/www.galatea.se\/en\/cookies\/\" target=\"_blank\" rel=\"noopener noreferrer\">integritetspolicy<\/a>.<\/p>\n<\/div><\/div><\/div><\/div><\/div><\/div><\/div><\/div><\/div><\/div><\/div><\/div><\/div><\/div><script id=\"script-row-unique-0\" data-row=\"script-row-unique-0\" type=\"text\/javascript\" class=\"vc_controls\">UNCODE.initRow(document.getElementById(\"row-unique-0\"));<\/script><\/div><\/div><\/div>\n<\/div>","protected":false},"excerpt":{"rendered":"Cookies Information om behandling av personuppgifter Information till er som bes\u00f6ker webbplatsen om cookies och GDPR. Varf\u00f6r samlar vi in [...]","protected":false},"author":1,"featured_media":0,"parent":0,"menu_order":0,"comment_status":"closed","ping_status":"closed","template":"","meta":{"footnotes":""},"class_list":["post-555","page","type-page","status-publish","hentry"],"yoast_head":"<!-- This site is optimized with the Yoast SEO plugin v26.2 - https:\/\/yoast.com\/wordpress\/plugins\/seo\/ -->\n<title>Cookies - St Eriks<\/title>\n<meta name=\"robots\" content=\"index, follow, max-snippet:-1, max-image-preview:large, max-video-preview:-1\" \/>\n<link rel=\"canonical\" href=\"https:\/\/www.steriksbryggeri.se\/en\/cookies\/\" \/>\n<meta property=\"og:locale\" content=\"en_GB\" \/>\n<meta property=\"og:type\" content=\"article\" \/>\n<meta property=\"og:title\" content=\"Cookies - St Eriks\" \/>\n<meta property=\"og:url\" content=\"https:\/\/www.steriksbryggeri.se\/en\/cookies\/\" \/>\n<meta property=\"og:site_name\" content=\"St Eriks\" \/>\n<meta property=\"article:modified_time\" content=\"2019-11-15T14:47:09+00:00\" \/>\n<meta name=\"twitter:card\" content=\"summary_large_image\" \/>\n<meta name=\"twitter:label1\" content=\"Estimated reading time\" \/>\n\t<meta name=\"twitter:data1\" content=\"9 minutes\" \/>\n<script type=\"application\/ld+json\" class=\"yoast-schema-graph\">{\"@context\":\"https:\/\/schema.org\",\"@graph\":[{\"@type\":\"WebPage\",\"@id\":\"https:\/\/www.steriksbryggeri.se\/cookies\/\",\"url\":\"https:\/\/www.steriksbryggeri.se\/cookies\/\",\"name\":\"Cookies - St Eriks\",\"isPartOf\":{\"@id\":\"https:\/\/www.steriksbryggeri.se\/#website\"},\"datePublished\":\"2019-10-25T14:48:26+00:00\",\"dateModified\":\"2019-11-15T14:47:09+00:00\",\"breadcrumb\":{\"@id\":\"https:\/\/www.steriksbryggeri.se\/cookies\/#breadcrumb\"},\"inLanguage\":\"en-GB\",\"potentialAction\":[{\"@type\":\"ReadAction\",\"target\":[\"https:\/\/www.steriksbryggeri.se\/cookies\/\"]}]},{\"@type\":\"BreadcrumbList\",\"@id\":\"https:\/\/www.steriksbryggeri.se\/cookies\/#breadcrumb\",\"itemListElement\":[{\"@type\":\"ListItem\",\"position\":1,\"name\":\"Home\",\"item\":\"https:\/\/www.steriksbryggeri.se\/\"},{\"@type\":\"ListItem\",\"position\":2,\"name\":\"Cookies\"}]},{\"@type\":\"WebSite\",\"@id\":\"https:\/\/www.steriksbryggeri.se\/#website\",\"url\":\"https:\/\/www.steriksbryggeri.se\/\",\"name\":\"St Eriks\",\"description\":\"\u00c4lskad \u00e4ven utanf\u00f6r Stockholm sedan 1859\",\"potentialAction\":[{\"@type\":\"SearchAction\",\"target\":{\"@type\":\"EntryPoint\",\"urlTemplate\":\"https:\/\/www.steriksbryggeri.se\/?s={search_term_string}\"},\"query-input\":{\"@type\":\"PropertyValueSpecification\",\"valueRequired\":true,\"valueName\":\"search_term_string\"}}],\"inLanguage\":\"en-GB\"}]}<\/script>\n<!-- \/ Yoast SEO plugin. -->","yoast_head_json":{"title":"Cookies - St Eriks","robots":{"index":"index","follow":"follow","max-snippet":"max-snippet:-1","max-image-preview":"max-image-preview:large","max-video-preview":"max-video-preview:-1"},"canonical":"https:\/\/www.steriksbryggeri.se\/en\/cookies\/","og_locale":"en_GB","og_type":"article","og_title":"Cookies - St Eriks","og_url":"https:\/\/www.steriksbryggeri.se\/en\/cookies\/","og_site_name":"St Eriks","article_modified_time":"2019-11-15T14:47:09+00:00","twitter_card":"summary_large_image","twitter_misc":{"Estimated reading time":"9 minutes"},"schema":{"@context":"https:\/\/schema.org","@graph":[{"@type":"WebPage","@id":"https:\/\/www.steriksbryggeri.se\/cookies\/","url":"https:\/\/www.steriksbryggeri.se\/cookies\/","name":"Cookies - St Eriks","isPartOf":{"@id":"https:\/\/www.steriksbryggeri.se\/#website"},"datePublished":"2019-10-25T14:48:26+00:00","dateModified":"2019-11-15T14:47:09+00:00","breadcrumb":{"@id":"https:\/\/www.steriksbryggeri.se\/cookies\/#breadcrumb"},"inLanguage":"en-GB","potentialAction":[{"@type":"ReadAction","target":["https:\/\/www.steriksbryggeri.se\/cookies\/"]}]},{"@type":"BreadcrumbList","@id":"https:\/\/www.steriksbryggeri.se\/cookies\/#breadcrumb","itemListElement":[{"@type":"ListItem","position":1,"name":"Home","item":"https:\/\/www.steriksbryggeri.se\/"},{"@type":"ListItem","position":2,"name":"Cookies"}]},{"@type":"WebSite","@id":"https:\/\/www.steriksbryggeri.se\/#website","url":"https:\/\/www.steriksbryggeri.se\/","name":"St Eriks","description":"\u00c4lskad \u00e4ven utanf\u00f6r Stockholm sedan 1859","potentialAction":[{"@type":"SearchAction","target":{"@type":"EntryPoint","urlTemplate":"https:\/\/www.steriksbryggeri.se\/?s={search_term_string}"},"query-input":{"@type":"PropertyValueSpecification","valueRequired":true,"valueName":"search_term_string"}}],"inLanguage":"en-GB"}]}},"_links":{"self":[{"href":"https:\/\/www.steriksbryggeri.se\/en\/wp-json\/wp\/v2\/pages\/555","targetHints":{"allow":["GET"]}}],"collection":[{"href":"https:\/\/www.steriksbryggeri.se\/en\/wp-json\/wp\/v2\/pages"}],"about":[{"href":"https:\/\/www.steriksbryggeri.se\/en\/wp-json\/wp\/v2\/types\/page"}],"author":[{"embeddable":true,"href":"https:\/\/www.steriksbryggeri.se\/en\/wp-json\/wp\/v2\/users\/1"}],"replies":[{"embeddable":true,"href":"https:\/\/www.steriksbryggeri.se\/en\/wp-json\/wp\/v2\/comments?post=555"}],"version-history":[{"count":27,"href":"https:\/\/www.steriksbryggeri.se\/en\/wp-json\/wp\/v2\/pages\/555\/revisions"}],"predecessor-version":[{"id":1744,"href":"https:\/\/www.steriksbryggeri.se\/en\/wp-json\/wp\/v2\/pages\/555\/revisions\/1744"}],"wp:attachment":[{"href":"https:\/\/www.steriksbryggeri.se\/en\/wp-json\/wp\/v2\/media?parent=555"}],"curies":[{"name":"wp","href":"https:\/\/api.w.org\/{rel}","templated":true}]}}