{"id":917,"date":"2019-10-11T13:10:01","date_gmt":"2019-10-11T13:10:01","guid":{"rendered":"https:\/\/www.steriksbryggeri.se\/?page_id=917"},"modified":"2025-06-03T09:18:20","modified_gmt":"2025-06-03T09:18:20","slug":"st-eriks-elderflower-ipa","status":"publish","type":"page","link":"https:\/\/www.steriksbryggeri.se\/en\/ol\/st-eriks-elderflower-ipa\/","title":{"rendered":"St Eriks Elderflower IPA"},"content":{"rendered":"<div class=\"wpb-content-wrapper\"><div data-parent=\"true\" class=\"vc_row vc_custom_1573723869526 limit-width row-container boomapps_vcrow\" style=\"margin-top: -48px ;margin-bottom: 10px ;z-index: 1;\" id=\"row-unique-0\"><div class=\"row col-half-gutter row-parent\"><div class=\"wpb_row row-inner\"><div class=\"wpb_column pos-middle pos-center align_center column_parent col-lg-5 nyhet-block1 boomapps_vccolumn no-internal-gutter\"><div class=\"uncol style-light unexpand\"  ><div class=\"uncoltable\"><div class=\"uncell  boomapps_vccolumn single-block-padding style-color-163274-bg\" ><div class=\"uncont\" ><div class=\"empty-space empty-quart\" ><span class=\"empty-space-inner\"><\/span><\/div>\n<div class=\"empty-space empty-single\" ><span class=\"empty-space-inner\"><\/span><\/div>\n<div class=\"uncode-single-media beer-bottle text-center\"><div class=\"single-wrapper\" style=\"max-width: 100%;\"><div class=\"tmb tmb-light  tmb-media-first tmb-media-last tmb-content-overlay tmb-no-bg\"><div class=\"t-inside\"><div class=\"t-entry-visual\"><div class=\"t-entry-visual-tc\"><div class=\"uncode-single-media-wrapper\"><img decoding=\"async\" class=\"wp-image-3549\" src=\"https:\/\/www.steriksbryggeri.se\/wp-content\/uploads\/2025\/06\/Elderflorwer-Tap.png\" width=\"170\" height=\"622\" alt=\"\" srcset=\"https:\/\/www.steriksbryggeri.se\/wp-content\/uploads\/2025\/06\/Elderflorwer-Tap.png 170w, https:\/\/www.steriksbryggeri.se\/wp-content\/uploads\/2025\/06\/Elderflorwer-Tap-82x300.png 82w, https:\/\/www.steriksbryggeri.se\/wp-content\/uploads\/2025\/06\/Elderflorwer-Tap-3x12.png 3w\" sizes=\"(max-width: 170px) 100vw, 170px\" \/><\/div>\n\t\t\t\t\t<\/div>\n\t\t\t\t<\/div><\/div><\/div><\/div><\/div><\/div><\/div><\/div><\/div><\/div><div class=\"wpb_column pos-top pos-center align_left column_parent col-lg-7 nyhet-block-top boomapps_vccolumn single-internal-gutter\"><div class=\"uncol style-light unexpand\"  ><div class=\"uncoltable\"><div class=\"uncell  boomapps_vccolumn single-block-padding style-color-182885-bg\" ><div class=\"uncont\" ><div class=\"empty-space empty-half\" ><span class=\"empty-space-inner\"><\/span><\/div>\n<div class=\"uncode_text_column nyhet-textblock-top margin-sett vc_custom_1573739136997\"  style=\"margin-bottom: -20px ;\"><p><span class=\"font-477115\">Elderflower has long been a favourite.<\/span><\/p>\n<\/div><div class=\"vc_custom_heading_wrap margin-sett nyhet-textblock-header\"><div class=\"heading-text el-text\" ><h1 class=\"font-477115 h1 fontheight-990300 font-weight-400 text-color-jevc-color\" ><span><span class=\"font-477115\">S:t Eriks Elderflower IPA<\/span><\/span><\/h1><\/div><div class=\"clear\"><\/div><\/div><div class=\"uncode_text_column undertext-winter-top margin-sett vc_custom_1574428036465\"  style=\"margin-top: 20px ;\"><p><span class=\"font-481936 font-198439\">Swedish elderflowers as a flavouring in a highly hoppy IPA in the American west coast style proved to be a very suitable combination. After being introduced in a batch as experimental beer served at festivals and tap-take overs in the summer, today, at the request of customers, it is an appreciated IPA in our regular range. Swedish summer all year round, in a glass.<\/span><\/p>\n<p><span class=\"font-481936 font-198439\"><strong>Tasting notes<\/strong><br \/>\nFruity with lots of elderflower. Elements of tropical fruitiness with citrus notes in both aroma and taste. Medium-bodied malt and a very crisp citrusy bitter with hints of mango, red apples and elderflower.<\/span><\/p>\n<p><span class=\"font-481936 font-198439\"><strong>Serving tips<\/strong><br \/>\nServe at 10-12 \u00b0. This is an egotistical beer that is best enjoyed on its own. Simply dislikes anything that steals your attention from it. Tolerates like-minded company or some nice hard cheeses.<\/span><\/p>\n<p>\n<\/div><div class=\"empty-space empty-quart\" ><span class=\"empty-space-inner\"><\/span><\/div>\n<div class=\"vc_row vc_custom_1573727635121 row-internal row-container boomapps_vcrow\" style=\"margin-top: 0px ;margin-bottom: -72px ;z-index: 4;\"><div class=\"row row-child\"><div class=\"wpb_row row-inner\"><div class=\"wpb_column pos-top pos-center align_left column_child col-lg-12 button-container boomapps_vccolumn single-internal-gutter z_index_3\"><div class=\"uncol style-light\" ><div class=\"uncoltable\"><div class=\"uncell  vc_custom_1573727603314 boomapps_vccolumn single-block-padding\" style=\"border-top-width: 0px ;\" ><div class=\"uncont\" ><span class=\"btn-container\" ><a role=\"button\"  href=\"https:\/\/www.galatea.se\/produkter\/8714-30\/s-t-eriks-elderflower-ipa-fat-30-liter\" class=\"custom-link btn btn-sm btn-custom-typo font-145970 font-weight-700 text-initial no-letterspace border-width-0 bestall-bolaget-btn btn-color-585877 btn-round btn-flat btn-icon-left\" target=\"_blank\">S\u00e4songs\u00f6l. L\u00e4s mer<\/a><\/span><\/div><\/div><\/div><\/div><\/div><\/div><\/div><\/div><div class=\"divider-wrapper margin-sett\"  >\n    <hr class=\"border-color-136136-color separator-no-padding\"  \/>\n<\/div>\n<div class=\"vc_custom_heading_wrap alkoholhalt-text margin-sett\"><div class=\"heading-text el-text\" ><p class=\"font-198439 h4 fontheight-924830 font-weight-400 text-color-jevc-color\" ><span><span class=\"font-481936 font-198439\">STYLE Fruity\/Spicy beer | COLOUR Unfiltered straw yellow | RAW INGREDIENTS Pilsner and light caramel malt - Hops: Cascade, Citra, Columbus, Centennial and Simcoe \u2013 Special ingredients: Elderflower | ALCOHOL CONTENT 6.4% | SEASON Local assortment, but available throughout the country | ARTICLE NO. 8714-03 (bottle 33 cl), 8714-30 (keg 30 l), Systembolaget 31907-03 (bottle 33 cl)<\/span><\/span><\/p><\/div><div class=\"clear\"><\/div><\/div><div class=\"vc_row vc_custom_1573726071531 row-internal row-container boomapps_vcrow\" style=\"padding-right: 0px ;\"><div class=\"row row-child\"><div class=\"wpb_row row-inner\"><div class=\"wpb_column pos-top pos-center align_right column_child col-lg-12 boomapps_vccolumn single-internal-gutter\"><div class=\"uncol style-light\" ><div class=\"uncoltable\"><div class=\"uncell  boomapps_vccolumn no-block-padding\" ><div class=\"uncont\" ><div class=\"vc_custom_heading_wrap margin-sett\"><div class=\"heading-text el-text\" ><p class=\"font-477115 h4 text-color-jevc-color\" ><span><a style=\"color: black!important;\" href=\"https:\/\/www.steriksbryggeri.se\/en\/ol\/st-eriks-citra-pale-ale\/\">Previous<\/a> <span style=\"color: #ac936e;\"> | <\/span> <a style=\"color: black!important;\" href=\"https:\/\/www.steriksbryggeri.se\/en\/ol\/st-eriks-klassisk-porter\/\">Next<\/a><\/span><\/p><\/div><div class=\"clear\"><\/div><\/div><\/div><\/div><\/div><\/div><\/div><\/div><\/div><\/div><\/div><\/div><\/div><\/div><\/div><script id=\"script-row-unique-0\" data-row=\"script-row-unique-0\" type=\"text\/javascript\" class=\"vc_controls\">UNCODE.initRow(document.getElementById(\"row-unique-0\"));<\/script><\/div><\/div><\/div><div data-parent=\"true\" class=\"vc_row stamp-container vc_custom_1573725291028 row-container tablet-hidden mobile-hidden boomapps_vcrow\" style=\"margin-top: -700px ;z-index: 1;\" id=\"row-unique-1\"><div class=\"row limit-width row-parent\"><div class=\"wpb_row row-inner\"><div class=\"wpb_column pos-middle pos-center align_center column_parent col-lg-12 boomapps_vccolumn single-internal-gutter\"><div class=\"uncol style-light\"  ><div class=\"uncoltable\"><div class=\"uncell  boomapps_vccolumn no-block-padding\" ><div class=\"uncont\" ><div class=\"uncode-single-media stamp-product text-center\"><div class=\"single-wrapper\" style=\"max-width: 100%;\"><div class=\"tmb tmb-light  tmb-media-first tmb-media-last tmb-content-overlay tmb-no-bg\"><div class=\"t-inside\"><div class=\"t-entry-visual\"><div class=\"t-entry-visual-tc\"><div class=\"uncode-single-media-wrapper\"><div class=\"fluid-svg\"><span id=\"icon-117853\" style=\"width:320px\" class=\"icon-media\"><img decoding=\"async\" src=\"https:\/\/www.steriksbryggeri.se\/wp-content\/uploads\/2019\/10\/St_Eriks_Bryggeri_helgon_PRODSIDA.svg\" alt=\"St Eriks Bryggeri helgon prodsida\"><\/span><\/div><\/div>\n\t\t\t\t\t<\/div>\n\t\t\t\t<\/div><\/div><\/div><\/div><\/div><\/div><\/div><\/div><\/div><\/div><script id=\"script-row-unique-1\" data-row=\"script-row-unique-1\" type=\"text\/javascript\" class=\"vc_controls\">UNCODE.initRow(document.getElementById(\"row-unique-1\"));<\/script><\/div><\/div><\/div><div data-parent=\"true\" class=\"vc_row vc_custom_1574168910907 row-container boomapps_vcrow\" style=\"margin-top: 243px ;margin-bottom: -53px ;\" id=\"row-unique-2\"><div class=\"row col-half-gutter limit-width row-parent\"><div class=\"wpb_row row-inner\"><div class=\"wpb_column pos-middle pos-center align_left column_parent col-lg-4 sortiment-block boomapps_vccolumn single-internal-gutter\"><div class=\"uncol style-light unexpand\"  ><div class=\"uncoltable\"><div class=\"uncell  boomapps_vccolumn single-block-padding style-color-182885-bg\" ><div class=\"uncont\" ><div class=\"empty-space empty-quart\" ><span class=\"empty-space-inner\"><\/span><\/div>\n<div class=\"vc_custom_heading_wrap second-margin-sett\"><div class=\"heading-text el-text\" ><p class=\"font-477115 fontheight-924830 text-color-136136-color\" ><span><span class=\"font-477115\">More beers from S:t Erik's<\/span><\/span><\/p><\/div><div class=\"clear\"><\/div><\/div><div class=\"vc_custom_heading_wrap second-margin-sett ord-sort-header\"><div class=\"heading-text el-text\" ><h2 class=\"font-477115 fontsize-134833 fontheight-489383 text-color-jevc-color\" ><span><span class=\"font-477115\">IPA, Lager, Porter, Berliner Weisse&#8230;..<\/span><\/span><\/h2><\/div><div class=\"clear\"><\/div><\/div><div class=\"uncode_text_column sortiment-text second-margin-sett vc_custom_1574428091736\"  style=\"margin-top: -10px ;\"><p><span class=\"font-481936\" style=\"line-height: normal;\">What matter beer style you hold next to your heart, you can visit our constant updated assortment of regular beers and occasional varieties. All brewed with craftmanship in Stockholm.<\/span><\/p>\n<p>\n<\/div><div class=\"vc_row vc_custom_1573732305815 row-internal row-container boomapps_vcrow\" style=\"margin-top: 20px ;\"><div class=\"row row-child\"><div class=\"wpb_row row-inner\"><div class=\"wpb_column pos-top pos-center align_left column_child col-lg-12 boomapps_vccolumn single-internal-gutter\"><div class=\"uncol style-light\" ><div class=\"uncoltable\"><div class=\"uncell  boomapps_vccolumn no-block-padding\" ><div class=\"uncont\" ><span class=\"btn-container\" ><a role=\"button\"  href=\"https:\/\/www.steriksbryggeri.se\/en\/ol\/\" class=\"custom-link btn btn-sm btn-custom-typo font-145970 font-weight-700 text-uppercase fontspace-132101 border-width-0 sotiment-btn btn-color-585877 btn-round btn-flat btn-icon-left\" title=\"Beers\">SEE OUR BEERS<\/a><\/span><\/div><\/div><\/div><\/div><\/div><\/div><\/div><\/div><\/div><\/div><\/div><\/div><\/div><div class=\"wpb_column pos-top pos-center align_left column_parent col-lg-2 boomapps_vccolumn desktop-hidden tablet-hidden mobile-hidden single-internal-gutter\"><div class=\"uncol style-light\"  ><div class=\"uncoltable\"><div class=\"uncell  boomapps_vccolumn no-block-padding\" ><div class=\"uncont\" ><\/div><\/div><\/div><\/div><\/div><div class=\"wpb_column pos-top pos-center align_center column_parent col-lg-2 boomapps_vccolumn single-internal-gutter\"><div class=\"uncol style-light unexpand\"  ><div class=\"uncoltable\"><div class=\"uncell  boomapps_vccolumn single-block-padding style-back_color-136405-bg\" ><div class=\"uncont\" ><div class=\"uncode-single-media small-bottle text-left\"><div class=\"single-wrapper\" style=\"max-width: 100%;\"><a class=\"single-media-link\" href=\"https:\/\/www.steriksbryggeri.se\/en\/ol\/st-eriks-citra-pale-ale\/\"><div class=\"tmb tmb-light  tmb-media-first tmb-media-last tmb-content-overlay tmb-no-bg\"><div class=\"t-inside\"><div class=\"t-entry-visual\"><div class=\"t-entry-visual-tc\"><div class=\"uncode-single-media-wrapper\"><img decoding=\"async\" class=\"wp-image-3233\" src=\"https:\/\/www.steriksbryggeri.se\/wp-content\/uploads\/2023\/07\/st-eriks-citra-pale-ale-175x622-1-2023.png\" width=\"175\" height=\"622\" alt=\"\" srcset=\"https:\/\/www.steriksbryggeri.se\/wp-content\/uploads\/2023\/07\/st-eriks-citra-pale-ale-175x622-1-2023.png 175w, https:\/\/www.steriksbryggeri.se\/wp-content\/uploads\/2023\/07\/st-eriks-citra-pale-ale-175x622-1-2023-84x300.png 84w, https:\/\/www.steriksbryggeri.se\/wp-content\/uploads\/2023\/07\/st-eriks-citra-pale-ale-175x622-1-2023-3x12.png 3w\" sizes=\"(max-width: 175px) 100vw, 175px\" \/><\/div>\n\t\t\t\t\t<\/div>\n\t\t\t\t<\/div><\/div><\/div><\/a><\/div><\/div><div class=\"vc_custom_heading_wrap\"><div class=\"heading-text el-text\" ><p class=\"font-477115 fontheight-583413 text-color-jevc-color\" ><span><a class=\"black-link\" href=\"https:\/\/www.steriksbryggeri.se\/en\/ol\/st-eriks-citra-pale-ale\/\"><span class=\"font-477115\">S:t Eriks Citra Pale Ale<\/span><\/a><\/span><\/p><\/div><div class=\"clear\"><\/div><\/div><\/div><\/div><\/div><\/div><\/div><div class=\"wpb_column pos-top pos-center align_center column_parent col-lg-2 boomapps_vccolumn single-internal-gutter\"><div class=\"uncol style-light unexpand\"  ><div class=\"uncoltable\"><div class=\"uncell  boomapps_vccolumn single-block-padding style-color-136136-bg\" ><div class=\"uncont\" ><div class=\"uncode-single-media small-bottle text-left\"><div class=\"single-wrapper\" style=\"max-width: 100%;\"><a class=\"single-media-link\" href=\"https:\/\/www.steriksbryggeri.se\/en\/ol\/st-eriks-klassisk-porter\/\"><div class=\"tmb tmb-light  tmb-media-first tmb-media-last tmb-content-overlay tmb-no-bg\"><div class=\"t-inside\"><div class=\"t-entry-visual\"><div class=\"t-entry-visual-tc\"><div class=\"uncode-single-media-wrapper\"><img decoding=\"async\" class=\"wp-image-3546\" src=\"https:\/\/www.steriksbryggeri.se\/wp-content\/uploads\/2025\/06\/St-Eriks-Porter.png\" width=\"170\" height=\"622\" alt=\"\" srcset=\"https:\/\/www.steriksbryggeri.se\/wp-content\/uploads\/2025\/06\/St-Eriks-Porter.png 170w, https:\/\/www.steriksbryggeri.se\/wp-content\/uploads\/2025\/06\/St-Eriks-Porter-82x300.png 82w, https:\/\/www.steriksbryggeri.se\/wp-content\/uploads\/2025\/06\/St-Eriks-Porter-3x12.png 3w\" sizes=\"(max-width: 170px) 100vw, 170px\" \/><\/div>\n\t\t\t\t\t<\/div>\n\t\t\t\t<\/div><\/div><\/div><\/a><\/div><\/div><div class=\"vc_custom_heading_wrap\"><div class=\"heading-text el-text\" ><p class=\"font-477115 fontheight-583413 text-color-jevc-color\" ><span><a class=\"black-link\" href=\"https:\/\/www.steriksbryggeri.se\/en\/ol\/st-eriks-klassisk-porter\/\"><span class=\"font-477115\">S:t Eriks Klassisk Porter<\/span><\/a><\/span><\/p><\/div><div class=\"clear\"><\/div><\/div><\/div><\/div><\/div><\/div><\/div><div class=\"wpb_column pos-top pos-center align_center column_parent col-lg-2 boomapps_vccolumn single-internal-gutter\"><div class=\"uncol style-light unexpand\"  ><div class=\"uncoltable\"><div class=\"uncell  boomapps_vccolumn single-block-padding style-color-842576-bg\" ><div class=\"uncont\" ><div class=\"uncode-single-media small-bottle text-left\"><div class=\"single-wrapper\" style=\"max-width: 100%;\"><a class=\"single-media-link\" href=\"https:\/\/www.steriksbryggeri.se\/en\/ol\/st-eriks-ljus-lager\/\" title=\"S:t Eriks Ljus Lager\"><div class=\"tmb tmb-light  tmb-media-first tmb-media-last tmb-content-overlay tmb-no-bg\"><div class=\"t-inside\"><div class=\"t-entry-visual\"><div class=\"t-entry-visual-tc\"><div class=\"uncode-single-media-wrapper\"><img decoding=\"async\" class=\"wp-image-3182\" src=\"https:\/\/www.steriksbryggeri.se\/wp-content\/uploads\/2023\/02\/st-eriks-ljus-lager-flaska-170x622-1.png\" width=\"170\" height=\"622\" alt=\"\" srcset=\"https:\/\/www.steriksbryggeri.se\/wp-content\/uploads\/2023\/02\/st-eriks-ljus-lager-flaska-170x622-1.png 170w, https:\/\/www.steriksbryggeri.se\/wp-content\/uploads\/2023\/02\/st-eriks-ljus-lager-flaska-170x622-1-82x300.png 82w, https:\/\/www.steriksbryggeri.se\/wp-content\/uploads\/2023\/02\/st-eriks-ljus-lager-flaska-170x622-1-3x12.png 3w\" sizes=\"(max-width: 170px) 100vw, 170px\" \/><\/div>\n\t\t\t\t\t<\/div>\n\t\t\t\t<\/div><\/div><\/div><\/a><\/div><\/div><div class=\"vc_custom_heading_wrap\"><div class=\"heading-text el-text\" ><p class=\"font-477115 fontheight-583413 text-color-jevc-color\" ><span><a class=\"black-link\" href=\"https:\/\/www.steriksbryggeri.se\/en\/ol\/st-eriks-ljus-lager\/\"><span class=\"font-477115\">S:t Eriks ljus lager<\/span><\/a><\/span><\/p><\/div><div class=\"clear\"><\/div><\/div><\/div><\/div><\/div><\/div><\/div><script id=\"script-row-unique-2\" data-row=\"script-row-unique-2\" type=\"text\/javascript\" class=\"vc_controls\">UNCODE.initRow(document.getElementById(\"row-unique-2\"));<\/script><\/div><\/div><\/div>\n<\/div>","protected":false},"excerpt":{"rendered":"Fl\u00e4derblommor har l\u00e4nge varit en favorit. S:t Eriks Elderflower IPASvenska fl\u00e4derblommor som smaks\u00e4ttare i en v\u00e4lhumlad IPA i amerikansk v\u00e4stkuststil [...]","protected":false},"author":1,"featured_media":0,"parent":48,"menu_order":0,"comment_status":"closed","ping_status":"closed","template":"","meta":{"footnotes":""},"class_list":["post-917","page","type-page","status-publish","hentry"],"yoast_head":"<!-- This site is optimized with the Yoast SEO plugin v26.2 - https:\/\/yoast.com\/wordpress\/plugins\/seo\/ -->\n<title>St Eriks Elderflower IPA - St Eriks<\/title>\n<meta name=\"robots\" content=\"index, follow, max-snippet:-1, max-image-preview:large, max-video-preview:-1\" \/>\n<link rel=\"canonical\" href=\"https:\/\/www.steriksbryggeri.se\/en\/ol\/st-eriks-elderflower-ipa\/\" \/>\n<meta property=\"og:locale\" content=\"en_GB\" \/>\n<meta property=\"og:type\" content=\"article\" \/>\n<meta property=\"og:title\" content=\"St Eriks Elderflower IPA - St Eriks\" \/>\n<meta property=\"og:url\" content=\"https:\/\/www.steriksbryggeri.se\/en\/ol\/st-eriks-elderflower-ipa\/\" \/>\n<meta property=\"og:site_name\" content=\"St Eriks\" \/>\n<meta property=\"article:modified_time\" content=\"2025-06-03T09:18:20+00:00\" \/>\n<meta name=\"twitter:card\" content=\"summary_large_image\" \/>\n<meta name=\"twitter:label1\" content=\"Estimated reading time\" \/>\n\t<meta name=\"twitter:data1\" content=\"3 minutes\" \/>\n<script type=\"application\/ld+json\" class=\"yoast-schema-graph\">{\"@context\":\"https:\/\/schema.org\",\"@graph\":[{\"@type\":\"WebPage\",\"@id\":\"https:\/\/www.steriksbryggeri.se\/ol\/st-eriks-elderflower-ipa\/\",\"url\":\"https:\/\/www.steriksbryggeri.se\/ol\/st-eriks-elderflower-ipa\/\",\"name\":\"St Eriks Elderflower IPA - St Eriks\",\"isPartOf\":{\"@id\":\"https:\/\/www.steriksbryggeri.se\/#website\"},\"datePublished\":\"2019-10-11T13:10:01+00:00\",\"dateModified\":\"2025-06-03T09:18:20+00:00\",\"breadcrumb\":{\"@id\":\"https:\/\/www.steriksbryggeri.se\/ol\/st-eriks-elderflower-ipa\/#breadcrumb\"},\"inLanguage\":\"en-GB\",\"potentialAction\":[{\"@type\":\"ReadAction\",\"target\":[\"https:\/\/www.steriksbryggeri.se\/ol\/st-eriks-elderflower-ipa\/\"]}]},{\"@type\":\"BreadcrumbList\",\"@id\":\"https:\/\/www.steriksbryggeri.se\/ol\/st-eriks-elderflower-ipa\/#breadcrumb\",\"itemListElement\":[{\"@type\":\"ListItem\",\"position\":1,\"name\":\"Home\",\"item\":\"https:\/\/www.steriksbryggeri.se\/\"},{\"@type\":\"ListItem\",\"position\":2,\"name\":\"\u00d6l\",\"item\":\"https:\/\/www.steriksbryggeri.se\/ol\/\"},{\"@type\":\"ListItem\",\"position\":3,\"name\":\"St Eriks Elderflower IPA\"}]},{\"@type\":\"WebSite\",\"@id\":\"https:\/\/www.steriksbryggeri.se\/#website\",\"url\":\"https:\/\/www.steriksbryggeri.se\/\",\"name\":\"St Eriks\",\"description\":\"\u00c4lskad \u00e4ven utanf\u00f6r Stockholm sedan 1859\",\"potentialAction\":[{\"@type\":\"SearchAction\",\"target\":{\"@type\":\"EntryPoint\",\"urlTemplate\":\"https:\/\/www.steriksbryggeri.se\/?s={search_term_string}\"},\"query-input\":{\"@type\":\"PropertyValueSpecification\",\"valueRequired\":true,\"valueName\":\"search_term_string\"}}],\"inLanguage\":\"en-GB\"}]}<\/script>\n<!-- \/ Yoast SEO plugin. -->","yoast_head_json":{"title":"St Eriks Elderflower IPA - St Eriks","robots":{"index":"index","follow":"follow","max-snippet":"max-snippet:-1","max-image-preview":"max-image-preview:large","max-video-preview":"max-video-preview:-1"},"canonical":"https:\/\/www.steriksbryggeri.se\/en\/ol\/st-eriks-elderflower-ipa\/","og_locale":"en_GB","og_type":"article","og_title":"St Eriks Elderflower IPA - St Eriks","og_url":"https:\/\/www.steriksbryggeri.se\/en\/ol\/st-eriks-elderflower-ipa\/","og_site_name":"St Eriks","article_modified_time":"2025-06-03T09:18:20+00:00","twitter_card":"summary_large_image","twitter_misc":{"Estimated reading time":"3 minutes"},"schema":{"@context":"https:\/\/schema.org","@graph":[{"@type":"WebPage","@id":"https:\/\/www.steriksbryggeri.se\/ol\/st-eriks-elderflower-ipa\/","url":"https:\/\/www.steriksbryggeri.se\/ol\/st-eriks-elderflower-ipa\/","name":"St Eriks Elderflower IPA - St Eriks","isPartOf":{"@id":"https:\/\/www.steriksbryggeri.se\/#website"},"datePublished":"2019-10-11T13:10:01+00:00","dateModified":"2025-06-03T09:18:20+00:00","breadcrumb":{"@id":"https:\/\/www.steriksbryggeri.se\/ol\/st-eriks-elderflower-ipa\/#breadcrumb"},"inLanguage":"en-GB","potentialAction":[{"@type":"ReadAction","target":["https:\/\/www.steriksbryggeri.se\/ol\/st-eriks-elderflower-ipa\/"]}]},{"@type":"BreadcrumbList","@id":"https:\/\/www.steriksbryggeri.se\/ol\/st-eriks-elderflower-ipa\/#breadcrumb","itemListElement":[{"@type":"ListItem","position":1,"name":"Home","item":"https:\/\/www.steriksbryggeri.se\/"},{"@type":"ListItem","position":2,"name":"\u00d6l","item":"https:\/\/www.steriksbryggeri.se\/ol\/"},{"@type":"ListItem","position":3,"name":"St Eriks Elderflower IPA"}]},{"@type":"WebSite","@id":"https:\/\/www.steriksbryggeri.se\/#website","url":"https:\/\/www.steriksbryggeri.se\/","name":"St Eriks","description":"\u00c4lskad \u00e4ven utanf\u00f6r Stockholm sedan 1859","potentialAction":[{"@type":"SearchAction","target":{"@type":"EntryPoint","urlTemplate":"https:\/\/www.steriksbryggeri.se\/?s={search_term_string}"},"query-input":{"@type":"PropertyValueSpecification","valueRequired":true,"valueName":"search_term_string"}}],"inLanguage":"en-GB"}]}},"_links":{"self":[{"href":"https:\/\/www.steriksbryggeri.se\/en\/wp-json\/wp\/v2\/pages\/917","targetHints":{"allow":["GET"]}}],"collection":[{"href":"https:\/\/www.steriksbryggeri.se\/en\/wp-json\/wp\/v2\/pages"}],"about":[{"href":"https:\/\/www.steriksbryggeri.se\/en\/wp-json\/wp\/v2\/types\/page"}],"author":[{"embeddable":true,"href":"https:\/\/www.steriksbryggeri.se\/en\/wp-json\/wp\/v2\/users\/1"}],"replies":[{"embeddable":true,"href":"https:\/\/www.steriksbryggeri.se\/en\/wp-json\/wp\/v2\/comments?post=917"}],"version-history":[{"count":32,"href":"https:\/\/www.steriksbryggeri.se\/en\/wp-json\/wp\/v2\/pages\/917\/revisions"}],"predecessor-version":[{"id":3581,"href":"https:\/\/www.steriksbryggeri.se\/en\/wp-json\/wp\/v2\/pages\/917\/revisions\/3581"}],"up":[{"embeddable":true,"href":"https:\/\/www.steriksbryggeri.se\/en\/wp-json\/wp\/v2\/pages\/48"}],"wp:attachment":[{"href":"https:\/\/www.steriksbryggeri.se\/en\/wp-json\/wp\/v2\/media?parent=917"}],"curies":[{"name":"wp","href":"https:\/\/api.w.org\/{rel}","templated":true}]}}