{"id":926,"date":"2019-10-11T13:10:01","date_gmt":"2019-10-11T13:10:01","guid":{"rendered":"https:\/\/www.steriksbryggeri.se\/?page_id=926"},"modified":"2025-06-03T09:21:34","modified_gmt":"2025-06-03T09:21:34","slug":"st-eriks-klassisk-porter","status":"publish","type":"page","link":"https:\/\/www.steriksbryggeri.se\/en\/ol\/st-eriks-klassisk-porter\/","title":{"rendered":"St Eriks Klassisk Porter"},"content":{"rendered":"<div class=\"wpb-content-wrapper\"><div data-parent=\"true\" class=\"vc_row vc_custom_1573723869526 limit-width row-container boomapps_vcrow\" style=\"margin-top: -48px ;margin-bottom: 10px ;z-index: 1;\" id=\"row-unique-0\"><div class=\"row col-half-gutter row-parent\"><div class=\"wpb_row row-inner\"><div class=\"wpb_column pos-middle pos-center align_center column_parent col-lg-5 nyhet-block1 boomapps_vccolumn no-internal-gutter\"><div class=\"uncol style-light unexpand\"  ><div class=\"uncoltable\"><div class=\"uncell  boomapps_vccolumn single-block-padding style-color-585877-bg\" ><div class=\"uncont\" ><div class=\"empty-space empty-quart\" ><span class=\"empty-space-inner\"><\/span><\/div>\n<div class=\"empty-space empty-single\" ><span class=\"empty-space-inner\"><\/span><\/div>\n<div class=\"uncode-single-media beer-bottle text-center\"><div class=\"single-wrapper\" style=\"max-width: 100%;\"><div class=\"tmb tmb-light  tmb-media-first tmb-media-last tmb-content-overlay tmb-no-bg\"><div class=\"t-inside\"><div class=\"t-entry-visual\"><div class=\"t-entry-visual-tc\"><div class=\"uncode-single-media-wrapper\"><img decoding=\"async\" class=\"wp-image-3546\" src=\"https:\/\/www.steriksbryggeri.se\/wp-content\/uploads\/2025\/06\/St-Eriks-Porter.png\" width=\"170\" height=\"622\" alt=\"\" srcset=\"https:\/\/www.steriksbryggeri.se\/wp-content\/uploads\/2025\/06\/St-Eriks-Porter.png 170w, https:\/\/www.steriksbryggeri.se\/wp-content\/uploads\/2025\/06\/St-Eriks-Porter-82x300.png 82w, https:\/\/www.steriksbryggeri.se\/wp-content\/uploads\/2025\/06\/St-Eriks-Porter-3x12.png 3w\" sizes=\"(max-width: 170px) 100vw, 170px\" \/><\/div>\n\t\t\t\t\t<\/div>\n\t\t\t\t<\/div><\/div><\/div><\/div><\/div><\/div><\/div><\/div><\/div><\/div><div class=\"wpb_column pos-top pos-center align_left column_parent col-lg-7 nyhet-block-top boomapps_vccolumn single-internal-gutter\"><div class=\"uncol style-light unexpand\"  ><div class=\"uncoltable\"><div class=\"uncell  boomapps_vccolumn single-block-padding style-color-182885-bg\" ><div class=\"uncont\" ><div class=\"empty-space empty-half\" ><span class=\"empty-space-inner\"><\/span><\/div>\n<div class=\"uncode_text_column nyhet-textblock-top margin-sett vc_custom_1573737445747\"  style=\"margin-bottom: -20px ;\"><p><span class=\"font-477115\">A dry porter with robust taste.<\/span><\/p>\n<\/div><div class=\"vc_custom_heading_wrap margin-sett nyhet-textblock-header\"><div class=\"heading-text el-text\" ><h1 class=\"font-477115 h1 fontheight-990300 font-weight-400 text-color-jevc-color\" ><span><span class=\"font-477115\">S:t Eriks Klassisk Porter<\/span><\/span><\/h1><\/div><div class=\"clear\"><\/div><\/div><div class=\"uncode_text_column undertext-winter-top margin-sett vc_custom_1573737588875\"  style=\"margin-top: 20px ;\"><p><span class=\"font-481936 font-198439\">S:t Eriks Klassisk Porter is, as the name implies, a top fermented classic porter brewed with German and a hint of American hops for a more complex tone. At the centre stands the malt, which consists of 100% organic black malt, caramel malt and a little wheat malt, which gives a little more body and also a nice foamy head when the beer is poured into a glass.<\/span><\/p>\n<p><span class=\"font-481936 font-198439\"><strong>Tasting notes<\/strong><br \/>\nA dry porter with roasted and nuanced malt with notes of coffee and nuts The taste is robust but also gentle from the wheat malt and the American hops add extra complexity and a light but noticeable bitterness.<\/span><\/p>\n<p><span class=\"font-481936 font-198439\"><strong>Serving tips<\/strong><br \/>\nServe at 8-10\u00b0. Suitable for spicy dishes both beef and vegetarian or after the meal with a bit of dark chocolate.<\/span><\/p>\n<\/div><div class=\"empty-space empty-quart\" ><span class=\"empty-space-inner\"><\/span><\/div>\n<div class=\"vc_row vc_custom_1573727635121 row-internal row-container boomapps_vcrow\" style=\"margin-top: 0px ;margin-bottom: -72px ;z-index: 4;\"><div class=\"row row-child\"><div class=\"wpb_row row-inner\"><div class=\"wpb_column pos-top pos-center align_left column_child col-lg-12 button-container boomapps_vccolumn single-internal-gutter z_index_3\"><div class=\"uncol style-light\" ><div class=\"uncoltable\"><div class=\"uncell  vc_custom_1573727603314 boomapps_vccolumn single-block-padding\" style=\"border-top-width: 0px ;\" ><div class=\"uncont\" ><span class=\"btn-container\" ><a role=\"button\"  href=\"https:\/\/www.systembolaget.se\/produkt\/ol\/st-eriks-3795615\/\" class=\"custom-link btn btn-sm btn-custom-typo font-145970 font-weight-700 text-initial no-letterspace border-width-0 bestall-bolaget-btn btn-color-585877 btn-round btn-flat btn-icon-left\" target=\"_blank\">ORDER FROM SYSTEMBOLAGET<\/a><\/span><\/div><\/div><\/div><\/div><\/div><\/div><\/div><\/div><div class=\"divider-wrapper margin-sett\"  >\n    <hr class=\"border-color-136136-color separator-no-padding\"  \/>\n<\/div>\n<div class=\"vc_custom_heading_wrap alkoholhalt-text margin-sett\"><div class=\"heading-text el-text\" ><p class=\"font-198439 h4 fontheight-924830 font-weight-400 text-color-jevc-color\" ><span><span class=\"font-481936 font-198439\">STYLE Porter |COLOUR Dark, dark brown | RAW INGREDIENTS Malt: organic black malt, caramel malt, wheat malt - Hops: German and American | ALCOHOL CONTENT 5.6% | Local assortment, but can be ordered throughout the country | ARTICLE NO. 9019-03 (bottle 33 cl), Systembolaget 33524 (bottle 33cl)<\/span><\/span><\/p><\/div><div class=\"clear\"><\/div><\/div><div class=\"vc_row vc_custom_1573726071531 row-internal row-container boomapps_vcrow\" style=\"padding-right: 0px ;\"><div class=\"row row-child\"><div class=\"wpb_row row-inner\"><div class=\"wpb_column pos-top pos-center align_right column_child col-lg-12 boomapps_vccolumn single-internal-gutter\"><div class=\"uncol style-light\" ><div class=\"uncoltable\"><div class=\"uncell  boomapps_vccolumn no-block-padding\" ><div class=\"uncont\" ><div class=\"vc_custom_heading_wrap margin-sett\"><div class=\"heading-text el-text\" ><p class=\"font-477115 h4 text-color-jevc-color\" ><span><a style=\"color: black!important;\" href=\"https:\/\/www.steriksbryggeri.se\/en\/ol\/st-eriks-elderflower-ipa\/\">Previous<\/a> <span style=\"color: #ac936e;\"> | <\/span> <a style=\"color: black!important;\" href=\"https:\/\/www.steriksbryggeri.se\/en\/ol\/st-eriks-stadens-glutenfria-ipa\/\">Next<\/a><\/span><\/p><\/div><div class=\"clear\"><\/div><\/div><\/div><\/div><\/div><\/div><\/div><\/div><\/div><\/div><\/div><\/div><\/div><\/div><\/div><script id=\"script-row-unique-0\" data-row=\"script-row-unique-0\" type=\"text\/javascript\" class=\"vc_controls\">UNCODE.initRow(document.getElementById(\"row-unique-0\"));<\/script><\/div><\/div><\/div><div data-parent=\"true\" class=\"vc_row stamp-container vc_custom_1573725291028 row-container tablet-hidden mobile-hidden boomapps_vcrow\" style=\"margin-top: -700px ;z-index: 1;\" id=\"row-unique-1\"><div class=\"row limit-width row-parent\"><div class=\"wpb_row row-inner\"><div class=\"wpb_column pos-middle pos-center align_center column_parent col-lg-12 boomapps_vccolumn single-internal-gutter\"><div class=\"uncol style-light\"  ><div class=\"uncoltable\"><div class=\"uncell  boomapps_vccolumn no-block-padding\" ><div class=\"uncont\" ><div class=\"uncode-single-media stamp-product text-center\"><div class=\"single-wrapper\" style=\"max-width: 100%;\"><div class=\"tmb tmb-light  tmb-media-first tmb-media-last tmb-content-overlay tmb-no-bg\"><div class=\"t-inside\"><div class=\"t-entry-visual\"><div class=\"t-entry-visual-tc\"><div class=\"uncode-single-media-wrapper\"><div class=\"fluid-svg\"><span id=\"icon-130268\" style=\"width:320px\" class=\"icon-media\"><img decoding=\"async\" src=\"https:\/\/www.steriksbryggeri.se\/wp-content\/uploads\/2019\/10\/St_Eriks_Bryggeri_helgon_PRODSIDA.svg\" alt=\"St Eriks Bryggeri helgon prodsida\"><\/span><\/div><\/div>\n\t\t\t\t\t<\/div>\n\t\t\t\t<\/div><\/div><\/div><\/div><\/div><\/div><\/div><\/div><\/div><\/div><script id=\"script-row-unique-1\" data-row=\"script-row-unique-1\" type=\"text\/javascript\" class=\"vc_controls\">UNCODE.initRow(document.getElementById(\"row-unique-1\"));<\/script><\/div><\/div><\/div><div data-parent=\"true\" class=\"vc_row vc_custom_1574168983963 row-container boomapps_vcrow\" style=\"margin-top: 243px ;margin-bottom: -53px ;\" id=\"row-unique-2\"><div class=\"row col-half-gutter limit-width row-parent\"><div class=\"wpb_row row-inner\"><div class=\"wpb_column pos-middle pos-center align_left column_parent col-lg-4 sortiment-block boomapps_vccolumn single-internal-gutter\"><div class=\"uncol style-light unexpand\"  ><div class=\"uncoltable\"><div class=\"uncell  boomapps_vccolumn single-block-padding style-color-182885-bg\" ><div class=\"uncont\" ><div class=\"empty-space empty-quart\" ><span class=\"empty-space-inner\"><\/span><\/div>\n<div class=\"vc_custom_heading_wrap second-margin-sett\"><div class=\"heading-text el-text\" ><p class=\"font-477115 fontheight-924830 text-color-136136-color\" ><span><span class=\"font-477115\">More beers from S:t Erik's<\/span><\/span><\/p><\/div><div class=\"clear\"><\/div><\/div><div class=\"vc_custom_heading_wrap second-margin-sett ord-sort-header\"><div class=\"heading-text el-text\" ><h2 class=\"font-477115 fontsize-134833 fontheight-489383 text-color-jevc-color\" ><span><span class=\"font-477115\">IPA, Lager, Porter, Berliner Weisse&#8230;..<\/span><\/span><\/h2><\/div><div class=\"clear\"><\/div><\/div><div class=\"uncode_text_column sortiment-text second-margin-sett vc_custom_1574332825514\"  style=\"margin-top: -10px ;\"><p><span class=\"font-481936\" style=\"line-height: normal;\">What matter beer style you hold next to your heart, you can visit our constant updated assortment of regular beers and occasional varieties. All brewed with craftmanship in Stockholm.<\/span><\/p>\n<\/div><div class=\"vc_row vc_custom_1573732305815 row-internal row-container boomapps_vcrow\" style=\"margin-top: 20px ;\"><div class=\"row row-child\"><div class=\"wpb_row row-inner\"><div class=\"wpb_column pos-top pos-center align_left column_child col-lg-12 boomapps_vccolumn single-internal-gutter\"><div class=\"uncol style-light\" ><div class=\"uncoltable\"><div class=\"uncell  boomapps_vccolumn no-block-padding\" ><div class=\"uncont\" ><span class=\"btn-container\" ><a role=\"button\"  href=\"https:\/\/www.steriksbryggeri.se\/en\/ol\/\" class=\"custom-link btn btn-sm btn-custom-typo font-145970 font-weight-700 text-uppercase fontspace-132101 border-width-0 sotiment-btn btn-color-585877 btn-round btn-flat btn-icon-left\" title=\"Beers\">SEE OUR BEERS<\/a><\/span><\/div><\/div><\/div><\/div><\/div><\/div><\/div><\/div><\/div><\/div><\/div><\/div><\/div><div class=\"wpb_column pos-top pos-center align_left column_parent col-lg-2 boomapps_vccolumn desktop-hidden tablet-hidden mobile-hidden single-internal-gutter\"><div class=\"uncol style-light\"  ><div class=\"uncoltable\"><div class=\"uncell  boomapps_vccolumn no-block-padding\" ><div class=\"uncont\" ><\/div><\/div><\/div><\/div><\/div><div class=\"wpb_column pos-top pos-center align_center column_parent col-lg-2 boomapps_vccolumn single-internal-gutter\"><div class=\"uncol style-light unexpand\"  ><div class=\"uncoltable\"><div class=\"uncell  boomapps_vccolumn single-block-padding style-color-163274-bg\" ><div class=\"uncont\" ><div class=\"uncode-single-media small-bottle text-left\"><div class=\"single-wrapper\" style=\"max-width: 100%;\"><a class=\"single-media-link\" href=\"https:\/\/www.steriksbryggeri.se\/en\/ol\/st-eriks-glutenfri-alkoholfri\/\" title=\"St Eriks Capital IPA Alkoholfri\"><div class=\"tmb tmb-light  tmb-media-first tmb-media-last tmb-content-overlay tmb-no-bg\"><div class=\"t-inside\"><div class=\"t-entry-visual\"><div class=\"t-entry-visual-tc\"><div class=\"uncode-single-media-wrapper\"><img decoding=\"async\" class=\"wp-image-3547\" src=\"https:\/\/www.steriksbryggeri.se\/wp-content\/uploads\/2025\/06\/St-Eriks-Capital-IPA-Alkfri.png\" width=\"170\" height=\"622\" alt=\"\" srcset=\"https:\/\/www.steriksbryggeri.se\/wp-content\/uploads\/2025\/06\/St-Eriks-Capital-IPA-Alkfri.png 170w, https:\/\/www.steriksbryggeri.se\/wp-content\/uploads\/2025\/06\/St-Eriks-Capital-IPA-Alkfri-82x300.png 82w, https:\/\/www.steriksbryggeri.se\/wp-content\/uploads\/2025\/06\/St-Eriks-Capital-IPA-Alkfri-3x12.png 3w\" sizes=\"(max-width: 170px) 100vw, 170px\" \/><\/div>\n\t\t\t\t\t<\/div>\n\t\t\t\t<\/div><\/div><\/div><\/a><\/div><\/div><div class=\"vc_custom_heading_wrap\"><div class=\"heading-text el-text\" ><p class=\"font-477115 fontheight-583413 text-color-jevc-color\" ><span><a class=\"black-link\" href=\"https:\/\/www.steriksbryggeri.se\/en\/ol\/st-eriks-glutenfri-alkoholfri\/\"><span class=\"font-477115\">S:t Eriks Capital IPA Alkoholfri<\/span><\/a><\/span><\/p><\/div><div class=\"clear\"><\/div><\/div><\/div><\/div><\/div><\/div><\/div><div class=\"wpb_column pos-top pos-center align_center column_parent col-lg-2 boomapps_vccolumn single-internal-gutter\"><div class=\"uncol style-light unexpand\"  ><div class=\"uncoltable\"><div class=\"uncell  boomapps_vccolumn single-block-padding style-color-108835-bg\" ><div class=\"uncont\" ><div class=\"uncode-single-media small-bottle text-left\"><div class=\"single-wrapper\" style=\"max-width: 100%;\"><a class=\"single-media-link\" href=\"https:\/\/www.steriksbryggeri.se\/en\/ol\/st-eriks-rabarber-sur\/\"><div class=\"tmb tmb-light  tmb-media-first tmb-media-last tmb-content-overlay tmb-no-bg\"><div class=\"t-inside\"><div class=\"t-entry-visual\"><div class=\"t-entry-visual-tc\"><div class=\"uncode-single-media-wrapper\"><img decoding=\"async\" class=\"wp-image-3543\" src=\"https:\/\/www.steriksbryggeri.se\/wp-content\/uploads\/2025\/06\/St-Eriks-RabarberSur.png\" width=\"170\" height=\"622\" alt=\"\" srcset=\"https:\/\/www.steriksbryggeri.se\/wp-content\/uploads\/2025\/06\/St-Eriks-RabarberSur.png 170w, https:\/\/www.steriksbryggeri.se\/wp-content\/uploads\/2025\/06\/St-Eriks-RabarberSur-82x300.png 82w, https:\/\/www.steriksbryggeri.se\/wp-content\/uploads\/2025\/06\/St-Eriks-RabarberSur-3x12.png 3w\" sizes=\"(max-width: 170px) 100vw, 170px\" \/><\/div>\n\t\t\t\t\t<\/div>\n\t\t\t\t<\/div><\/div><\/div><\/a><\/div><\/div><div class=\"vc_custom_heading_wrap\"><div class=\"heading-text el-text\" ><p class=\"font-477115 fontheight-583413 text-color-jevc-color\" ><span><a class=\"black-link\" href=\"https:\/\/www.steriksbryggeri.se\/en\/ol\/st-eriks-rabarber-sur\/\"><span class=\"font-477115\">S:t Eriks Rabarber Sur<\/span><\/a><\/span><\/p><\/div><div class=\"clear\"><\/div><\/div><\/div><\/div><\/div><\/div><\/div><div class=\"wpb_column pos-top pos-center align_center column_parent col-lg-2 boomapps_vccolumn single-internal-gutter\"><div class=\"uncol style-light unexpand\"  ><div class=\"uncoltable\"><div class=\"uncell  boomapps_vccolumn single-block-padding style-color-163274-bg\" ><div class=\"uncont\" ><div class=\"uncode-single-media small-bottle text-left\"><div class=\"single-wrapper\" style=\"max-width: 100%;\"><a class=\"single-media-link\" href=\"https:\/\/www.steriksbryggeri.se\/en\/ol\/st-eriks-ipa\/\"><div class=\"tmb tmb-light  tmb-media-first tmb-media-last tmb-content-overlay tmb-no-bg\"><div class=\"t-inside\"><div class=\"t-entry-visual\"><div class=\"t-entry-visual-tc\"><div class=\"uncode-single-media-wrapper\"><img decoding=\"async\" class=\"wp-image-3541\" src=\"https:\/\/www.steriksbryggeri.se\/wp-content\/uploads\/2025\/06\/St-Eriks-IPA.png\" width=\"170\" height=\"622\" alt=\"\" srcset=\"https:\/\/www.steriksbryggeri.se\/wp-content\/uploads\/2025\/06\/St-Eriks-IPA.png 170w, https:\/\/www.steriksbryggeri.se\/wp-content\/uploads\/2025\/06\/St-Eriks-IPA-82x300.png 82w, https:\/\/www.steriksbryggeri.se\/wp-content\/uploads\/2025\/06\/St-Eriks-IPA-3x12.png 3w\" sizes=\"(max-width: 170px) 100vw, 170px\" \/><\/div>\n\t\t\t\t\t<\/div>\n\t\t\t\t<\/div><\/div><\/div><\/a><\/div><\/div><div class=\"vc_custom_heading_wrap\"><div class=\"heading-text el-text\" ><p class=\"font-477115 fontheight-583413 text-color-jevc-color\" ><span><a class=\"black-link\" href=\"https:\/\/www.steriksbryggeri.se\/en\/ol\/st-eriks-ipa\/\"><span class=\"font-477115\">S:t Eriks IPA<\/span><\/a><\/span><\/p><\/div><div class=\"clear\"><\/div><\/div><\/div><\/div><\/div><\/div><\/div><script id=\"script-row-unique-2\" data-row=\"script-row-unique-2\" type=\"text\/javascript\" class=\"vc_controls\">UNCODE.initRow(document.getElementById(\"row-unique-2\"));<\/script><\/div><\/div><\/div>\n<\/div>","protected":false},"excerpt":{"rendered":"En torr porter med robust smak S:t Eriks Klassisk PorterS:t Eriks Klassisk Porter \u00e4r som namnet antyder en \u00f6verj\u00e4st klassisk [...]","protected":false},"author":1,"featured_media":0,"parent":48,"menu_order":0,"comment_status":"closed","ping_status":"closed","template":"","meta":{"footnotes":""},"class_list":["post-926","page","type-page","status-publish","hentry"],"yoast_head":"<!-- This site is optimized with the Yoast SEO plugin v26.2 - https:\/\/yoast.com\/wordpress\/plugins\/seo\/ -->\n<title>St Eriks Klassisk Porter - St Eriks<\/title>\n<meta name=\"robots\" content=\"index, follow, max-snippet:-1, max-image-preview:large, max-video-preview:-1\" \/>\n<link rel=\"canonical\" href=\"https:\/\/www.steriksbryggeri.se\/en\/ol\/st-eriks-klassisk-porter\/\" \/>\n<meta property=\"og:locale\" content=\"en_GB\" \/>\n<meta property=\"og:type\" content=\"article\" \/>\n<meta property=\"og:title\" content=\"St Eriks Klassisk Porter - St Eriks\" \/>\n<meta property=\"og:url\" content=\"https:\/\/www.steriksbryggeri.se\/en\/ol\/st-eriks-klassisk-porter\/\" \/>\n<meta property=\"og:site_name\" content=\"St Eriks\" \/>\n<meta property=\"article:modified_time\" content=\"2025-06-03T09:21:34+00:00\" \/>\n<meta name=\"twitter:card\" content=\"summary_large_image\" \/>\n<meta name=\"twitter:label1\" content=\"Estimated reading time\" \/>\n\t<meta name=\"twitter:data1\" content=\"3 minutes\" \/>\n<script type=\"application\/ld+json\" class=\"yoast-schema-graph\">{\"@context\":\"https:\/\/schema.org\",\"@graph\":[{\"@type\":\"WebPage\",\"@id\":\"https:\/\/www.steriksbryggeri.se\/ol\/st-eriks-klassisk-porter\/\",\"url\":\"https:\/\/www.steriksbryggeri.se\/ol\/st-eriks-klassisk-porter\/\",\"name\":\"St Eriks Klassisk Porter - St Eriks\",\"isPartOf\":{\"@id\":\"https:\/\/www.steriksbryggeri.se\/#website\"},\"datePublished\":\"2019-10-11T13:10:01+00:00\",\"dateModified\":\"2025-06-03T09:21:34+00:00\",\"breadcrumb\":{\"@id\":\"https:\/\/www.steriksbryggeri.se\/ol\/st-eriks-klassisk-porter\/#breadcrumb\"},\"inLanguage\":\"en-GB\",\"potentialAction\":[{\"@type\":\"ReadAction\",\"target\":[\"https:\/\/www.steriksbryggeri.se\/ol\/st-eriks-klassisk-porter\/\"]}]},{\"@type\":\"BreadcrumbList\",\"@id\":\"https:\/\/www.steriksbryggeri.se\/ol\/st-eriks-klassisk-porter\/#breadcrumb\",\"itemListElement\":[{\"@type\":\"ListItem\",\"position\":1,\"name\":\"Home\",\"item\":\"https:\/\/www.steriksbryggeri.se\/\"},{\"@type\":\"ListItem\",\"position\":2,\"name\":\"\u00d6l\",\"item\":\"https:\/\/www.steriksbryggeri.se\/ol\/\"},{\"@type\":\"ListItem\",\"position\":3,\"name\":\"St Eriks Klassisk Porter\"}]},{\"@type\":\"WebSite\",\"@id\":\"https:\/\/www.steriksbryggeri.se\/#website\",\"url\":\"https:\/\/www.steriksbryggeri.se\/\",\"name\":\"St Eriks\",\"description\":\"\u00c4lskad \u00e4ven utanf\u00f6r Stockholm sedan 1859\",\"potentialAction\":[{\"@type\":\"SearchAction\",\"target\":{\"@type\":\"EntryPoint\",\"urlTemplate\":\"https:\/\/www.steriksbryggeri.se\/?s={search_term_string}\"},\"query-input\":{\"@type\":\"PropertyValueSpecification\",\"valueRequired\":true,\"valueName\":\"search_term_string\"}}],\"inLanguage\":\"en-GB\"}]}<\/script>\n<!-- \/ Yoast SEO plugin. -->","yoast_head_json":{"title":"St Eriks Klassisk Porter - St Eriks","robots":{"index":"index","follow":"follow","max-snippet":"max-snippet:-1","max-image-preview":"max-image-preview:large","max-video-preview":"max-video-preview:-1"},"canonical":"https:\/\/www.steriksbryggeri.se\/en\/ol\/st-eriks-klassisk-porter\/","og_locale":"en_GB","og_type":"article","og_title":"St Eriks Klassisk Porter - St Eriks","og_url":"https:\/\/www.steriksbryggeri.se\/en\/ol\/st-eriks-klassisk-porter\/","og_site_name":"St Eriks","article_modified_time":"2025-06-03T09:21:34+00:00","twitter_card":"summary_large_image","twitter_misc":{"Estimated reading time":"3 minutes"},"schema":{"@context":"https:\/\/schema.org","@graph":[{"@type":"WebPage","@id":"https:\/\/www.steriksbryggeri.se\/ol\/st-eriks-klassisk-porter\/","url":"https:\/\/www.steriksbryggeri.se\/ol\/st-eriks-klassisk-porter\/","name":"St Eriks Klassisk Porter - St Eriks","isPartOf":{"@id":"https:\/\/www.steriksbryggeri.se\/#website"},"datePublished":"2019-10-11T13:10:01+00:00","dateModified":"2025-06-03T09:21:34+00:00","breadcrumb":{"@id":"https:\/\/www.steriksbryggeri.se\/ol\/st-eriks-klassisk-porter\/#breadcrumb"},"inLanguage":"en-GB","potentialAction":[{"@type":"ReadAction","target":["https:\/\/www.steriksbryggeri.se\/ol\/st-eriks-klassisk-porter\/"]}]},{"@type":"BreadcrumbList","@id":"https:\/\/www.steriksbryggeri.se\/ol\/st-eriks-klassisk-porter\/#breadcrumb","itemListElement":[{"@type":"ListItem","position":1,"name":"Home","item":"https:\/\/www.steriksbryggeri.se\/"},{"@type":"ListItem","position":2,"name":"\u00d6l","item":"https:\/\/www.steriksbryggeri.se\/ol\/"},{"@type":"ListItem","position":3,"name":"St Eriks Klassisk Porter"}]},{"@type":"WebSite","@id":"https:\/\/www.steriksbryggeri.se\/#website","url":"https:\/\/www.steriksbryggeri.se\/","name":"St Eriks","description":"\u00c4lskad \u00e4ven utanf\u00f6r Stockholm sedan 1859","potentialAction":[{"@type":"SearchAction","target":{"@type":"EntryPoint","urlTemplate":"https:\/\/www.steriksbryggeri.se\/?s={search_term_string}"},"query-input":{"@type":"PropertyValueSpecification","valueRequired":true,"valueName":"search_term_string"}}],"inLanguage":"en-GB"}]}},"_links":{"self":[{"href":"https:\/\/www.steriksbryggeri.se\/en\/wp-json\/wp\/v2\/pages\/926","targetHints":{"allow":["GET"]}}],"collection":[{"href":"https:\/\/www.steriksbryggeri.se\/en\/wp-json\/wp\/v2\/pages"}],"about":[{"href":"https:\/\/www.steriksbryggeri.se\/en\/wp-json\/wp\/v2\/types\/page"}],"author":[{"embeddable":true,"href":"https:\/\/www.steriksbryggeri.se\/en\/wp-json\/wp\/v2\/users\/1"}],"replies":[{"embeddable":true,"href":"https:\/\/www.steriksbryggeri.se\/en\/wp-json\/wp\/v2\/comments?post=926"}],"version-history":[{"count":39,"href":"https:\/\/www.steriksbryggeri.se\/en\/wp-json\/wp\/v2\/pages\/926\/revisions"}],"predecessor-version":[{"id":3584,"href":"https:\/\/www.steriksbryggeri.se\/en\/wp-json\/wp\/v2\/pages\/926\/revisions\/3584"}],"up":[{"embeddable":true,"href":"https:\/\/www.steriksbryggeri.se\/en\/wp-json\/wp\/v2\/pages\/48"}],"wp:attachment":[{"href":"https:\/\/www.steriksbryggeri.se\/en\/wp-json\/wp\/v2\/media?parent=926"}],"curies":[{"name":"wp","href":"https:\/\/api.w.org\/{rel}","templated":true}]}}