{"id":929,"date":"2019-10-11T13:10:01","date_gmt":"2019-10-11T13:10:01","guid":{"rendered":"https:\/\/www.steriksbryggeri.se\/?page_id=929"},"modified":"2025-06-03T09:12:06","modified_gmt":"2025-06-03T09:12:06","slug":"st-eriks-lager-2","status":"publish","type":"page","link":"https:\/\/www.steriksbryggeri.se\/en\/ol\/st-eriks-lager-2\/","title":{"rendered":"St Eriks Lager"},"content":{"rendered":"<div class=\"wpb-content-wrapper\"><div data-parent=\"true\" class=\"vc_row vc_custom_1573723869526 limit-width row-container boomapps_vcrow\" style=\"margin-top: -48px ;margin-bottom: 10px ;z-index: 1;\" id=\"row-unique-0\"><div class=\"row col-half-gutter row-parent\"><div class=\"wpb_row row-inner\"><div class=\"wpb_column pos-middle pos-center align_center column_parent col-lg-5 nyhet-block1 boomapps_vccolumn no-internal-gutter\"><div class=\"uncol style-light unexpand\"  ><div class=\"uncoltable\"><div class=\"uncell  boomapps_vccolumn single-block-padding style-color-452771-bg\" ><div class=\"uncont\" ><div class=\"empty-space empty-quart\" ><span class=\"empty-space-inner\"><\/span><\/div>\n<div class=\"empty-space empty-single\" ><span class=\"empty-space-inner\"><\/span><\/div>\n<div class=\"uncode-single-media beer-bottle text-center\"><div class=\"single-wrapper\" style=\"max-width: 100%;\"><div class=\"tmb tmb-light  tmb-media-first tmb-media-last tmb-content-overlay tmb-no-bg\"><div class=\"t-inside\"><div class=\"t-entry-visual\"><div class=\"t-entry-visual-tc\"><div class=\"uncode-single-media-wrapper\"><img decoding=\"async\" class=\"wp-image-3182\" src=\"https:\/\/www.steriksbryggeri.se\/wp-content\/uploads\/2023\/02\/st-eriks-ljus-lager-flaska-170x622-1.png\" width=\"170\" height=\"622\" alt=\"\" srcset=\"https:\/\/www.steriksbryggeri.se\/wp-content\/uploads\/2023\/02\/st-eriks-ljus-lager-flaska-170x622-1.png 170w, https:\/\/www.steriksbryggeri.se\/wp-content\/uploads\/2023\/02\/st-eriks-ljus-lager-flaska-170x622-1-82x300.png 82w, https:\/\/www.steriksbryggeri.se\/wp-content\/uploads\/2023\/02\/st-eriks-ljus-lager-flaska-170x622-1-3x12.png 3w\" sizes=\"(max-width: 170px) 100vw, 170px\" \/><\/div>\n\t\t\t\t\t<\/div>\n\t\t\t\t<\/div><\/div><\/div><\/div><\/div><\/div><\/div><\/div><\/div><\/div><div class=\"wpb_column pos-top pos-center align_left column_parent col-lg-7 nyhet-block-top boomapps_vccolumn single-internal-gutter\"><div class=\"uncol style-light unexpand\"  ><div class=\"uncoltable\"><div class=\"uncell  boomapps_vccolumn single-block-padding style-color-182885-bg\" ><div class=\"uncont\" ><div class=\"empty-space empty-half\" ><span class=\"empty-space-inner\"><\/span><\/div>\n<div class=\"uncode_text_column nyhet-textblock-top margin-sett vc_custom_1573820860654\"  style=\"margin-bottom: -20px ;\"><p><span class=\"font-477115\">An uncomplicated but still craft-brewed beer.<\/span><\/p>\n<\/div><div class=\"vc_custom_heading_wrap margin-sett nyhet-textblock-header\"><div class=\"heading-text el-text\" ><h1 class=\"font-477115 h1 fontheight-990300 font-weight-400 text-color-jevc-color\" ><span><span class=\"font-477115\">S:t Eriks Lager<\/span><\/span><\/h1><\/div><div class=\"clear\"><\/div><\/div><div class=\"uncode_text_column undertext-winter-top margin-sett vc_custom_1574427797024\"  style=\"margin-top: 20px ;\"><p><span class=\"font-481936 font-198439\">A beer that is one of the cornerstones of S:t Erik's assortment; a classic light unfiltered lager. With a long and cold storage time, S:t Erik has now developed an elegant craft lager that shows the skill that the brewery possesses. A carefully selected malt builds a body that receives bitter and herbal aromas from the European hops. A cold beer to enjoy at a bar counter in town as well as at dinner with friends at home.<\/span><\/p>\n<p><span class=\"font-481936 font-198439\"><strong>Tasting notes<\/strong><br \/>\nS:t Eriks Lager has elegant herbs typical of Tettnang Mittelfr\u00fch as well as a light aroma of light bread from the malt. The taste is dominated by malt and light bread, and the hops gently arrive at the end. Round and smooth mouthfeel, long aftertaste where the light heart balances it all into a refreshing experience.<\/span><\/p>\n<p><span class=\"font-481936 font-198439\"><strong>Serving tips<\/strong><br \/>\nServe at 7-9\u00b0. Goes well with spicy and rich homemade dishes. Not least for festive herring, ham and sm\u00f6rg\u00e5rdsbord dishes.<\/span><\/p>\n<\/div><div class=\"empty-space empty-quart\" ><span class=\"empty-space-inner\"><\/span><\/div>\n<div class=\"vc_row vc_custom_1573727635121 row-internal row-container boomapps_vcrow\" style=\"margin-top: 0px ;margin-bottom: -72px ;z-index: 4;\"><div class=\"row row-child\"><div class=\"wpb_row row-inner\"><div class=\"wpb_column pos-top pos-center align_left column_child col-lg-12 button-container boomapps_vccolumn single-internal-gutter z_index_3\"><div class=\"uncol style-light\" ><div class=\"uncoltable\"><div class=\"uncell  vc_custom_1573727603314 boomapps_vccolumn single-block-padding\" style=\"border-top-width: 0px ;\" ><div class=\"uncont\" ><span class=\"btn-container\" ><a role=\"button\"  href=\"https:\/\/www.systembolaget.se\/produkt\/ol\/st-eriks-8272003\/\" class=\"custom-link btn btn-sm btn-custom-typo font-145970 font-weight-700 text-initial no-letterspace border-width-0 bestall-bolaget-btn btn-color-585877 btn-round btn-flat btn-icon-left\" target=\"_blank\">ORDER FROM SYSTEMBOLAGET<\/a><\/span><\/div><\/div><\/div><\/div><\/div><\/div><\/div><\/div><div class=\"divider-wrapper margin-sett\"  >\n    <hr class=\"border-color-136136-color separator-no-padding\"  \/>\n<\/div>\n<div class=\"vc_custom_heading_wrap alkoholhalt-text margin-sett\"><div class=\"heading-text el-text\" ><p class=\"font-198439 h4 fontheight-924830 font-weight-400 text-color-jevc-color\" ><span><span class=\"font-481936 font-198439\">STIL Hantverkslager | F\u00c4RG Disigt halmgul| R\u00c5VAROR Malt: pilsner, vetemalt, m\u00fcnchner, carapils Humle \u2013 Tettnang Mittelfr\u00fch | ALKOHOLHALT 5,1 % | S\u00c4SONG \u00c5ret runt | ARTIKELNR 82720-03 (flaska 33 cl) 9110-30 (fat 30 l)<\/span><\/p><\/span><span><p><\/span><\/p><\/div><div class=\"clear\"><\/div><\/div><div class=\"vc_row vc_custom_1573726071531 row-internal row-container boomapps_vcrow\" style=\"padding-right: 0px ;\"><div class=\"row row-child\"><div class=\"wpb_row row-inner\"><div class=\"wpb_column pos-top pos-center align_right column_child col-lg-12 boomapps_vccolumn single-internal-gutter\"><div class=\"uncol style-light\" ><div class=\"uncoltable\"><div class=\"uncell  boomapps_vccolumn no-block-padding\" ><div class=\"uncont\" ><div class=\"vc_custom_heading_wrap margin-sett\"><div class=\"heading-text el-text\" ><p class=\"font-477115 h4 text-color-jevc-color\" ><span><a style=\"color: black!important;\" href=\"https:\/\/www.steriksbryggeri.se\/en\/ol\/st-eriks-ipa\/\">Previous<\/a> <span style=\"color: #ac936e;\"> | <\/span> <a style=\"color: black!important;\" href=\"https:\/\/www.steriksbryggeri.se\/en\/ol\/st-eriks-capital-ipa\/\">Next<\/a><\/span><\/p><\/div><div class=\"clear\"><\/div><\/div><\/div><\/div><\/div><\/div><\/div><\/div><\/div><\/div><\/div><\/div><\/div><\/div><\/div><script id=\"script-row-unique-0\" data-row=\"script-row-unique-0\" type=\"text\/javascript\" class=\"vc_controls\">UNCODE.initRow(document.getElementById(\"row-unique-0\"));<\/script><\/div><\/div><\/div><div data-parent=\"true\" class=\"vc_row stamp-container vc_custom_1574166720508 row-container tablet-hidden mobile-hidden boomapps_vcrow\" style=\"margin-top: -700px ;z-index: 1;\" id=\"row-unique-1\"><div class=\"row limit-width row-parent\"><div class=\"wpb_row row-inner\"><div class=\"wpb_column pos-middle pos-center align_center column_parent col-lg-12 boomapps_vccolumn single-internal-gutter\"><div class=\"uncol style-light\"  ><div class=\"uncoltable\"><div class=\"uncell  boomapps_vccolumn no-block-padding\" ><div class=\"uncont\" ><div class=\"uncode-single-media stamp-product text-center\"><div class=\"single-wrapper\" style=\"max-width: 100%;\"><div class=\"tmb tmb-light  tmb-media-first tmb-media-last tmb-content-overlay tmb-no-bg\"><div class=\"t-inside\"><div class=\"t-entry-visual\"><div class=\"t-entry-visual-tc\"><div class=\"uncode-single-media-wrapper\"><div class=\"fluid-svg\"><span id=\"icon-120962\" style=\"width:320px\" class=\"icon-media\"><img decoding=\"async\" src=\"https:\/\/www.steriksbryggeri.se\/wp-content\/uploads\/2019\/10\/St_Eriks_Bryggeri_helgon_PRODSIDA.svg\" alt=\"St Eriks Bryggeri helgon prodsida\"><\/span><\/div><\/div>\n\t\t\t\t\t<\/div>\n\t\t\t\t<\/div><\/div><\/div><\/div><\/div><\/div><\/div><\/div><\/div><\/div><script id=\"script-row-unique-1\" data-row=\"script-row-unique-1\" type=\"text\/javascript\" class=\"vc_controls\">UNCODE.initRow(document.getElementById(\"row-unique-1\"));<\/script><\/div><\/div><\/div><div data-parent=\"true\" class=\"vc_row vc_custom_1574169008723 row-container boomapps_vcrow\" style=\"margin-top: 243px ;margin-bottom: -53px ;\" id=\"row-unique-2\"><div class=\"row col-half-gutter limit-width row-parent\"><div class=\"wpb_row row-inner\"><div class=\"wpb_column pos-middle pos-center align_left column_parent col-lg-4 sortiment-block boomapps_vccolumn single-internal-gutter\"><div class=\"uncol style-light unexpand\"  ><div class=\"uncoltable\"><div class=\"uncell  boomapps_vccolumn single-block-padding style-color-182885-bg\" ><div class=\"uncont\" ><div class=\"empty-space empty-quart\" ><span class=\"empty-space-inner\"><\/span><\/div>\n<div class=\"vc_custom_heading_wrap second-margin-sett\"><div class=\"heading-text el-text\" ><p class=\"font-477115 fontheight-924830 text-color-136136-color\" ><span><span class=\"font-477115\">More beers from S:t Erik's<\/span><\/span><\/p><\/div><div class=\"clear\"><\/div><\/div><div class=\"vc_custom_heading_wrap second-margin-sett ord-sort-header\"><div class=\"heading-text el-text\" ><h2 class=\"font-477115 fontsize-134833 fontheight-489383 text-color-jevc-color\" ><span><span class=\"font-477115\">IPA, Lager, Porter, Berliner Weisse&#8230;..<\/span><\/span><\/h2><\/div><div class=\"clear\"><\/div><\/div><div class=\"uncode_text_column sortiment-text second-margin-sett vc_custom_1574332879753\"  style=\"margin-top: -10px ;\"><p><span class=\"font-481936\" style=\"line-height: normal;\">What matter beer style you hold next to your heart, you can visit our constant updated assortment of regular beers and occasional varieties. All brewed with craftmanship in Stockholm.<br \/>\n<\/span><\/p>\n<\/div><div class=\"vc_row vc_custom_1573732305815 row-internal row-container boomapps_vcrow\" style=\"margin-top: 20px ;\"><div class=\"row row-child\"><div class=\"wpb_row row-inner\"><div class=\"wpb_column pos-top pos-center align_left column_child col-lg-12 boomapps_vccolumn single-internal-gutter\"><div class=\"uncol style-light\" ><div class=\"uncoltable\"><div class=\"uncell  boomapps_vccolumn no-block-padding\" ><div class=\"uncont\" ><span class=\"btn-container\" ><a role=\"button\"  href=\"https:\/\/www.steriksbryggeri.se\/en\/ol\/\" class=\"custom-link btn btn-sm btn-custom-typo font-145970 font-weight-700 text-uppercase fontspace-132101 border-width-0 sotiment-btn btn-color-585877 btn-round btn-flat btn-icon-left\" title=\"Beers\">SEE OUR BEERS<\/a><\/span><\/div><\/div><\/div><\/div><\/div><\/div><\/div><\/div><\/div><\/div><\/div><\/div><\/div><div class=\"wpb_column pos-top pos-center align_left column_parent col-lg-2 boomapps_vccolumn desktop-hidden tablet-hidden mobile-hidden single-internal-gutter\"><div class=\"uncol style-light\"  ><div class=\"uncoltable\"><div class=\"uncell  boomapps_vccolumn no-block-padding\" ><div class=\"uncont\" ><\/div><\/div><\/div><\/div><\/div><div class=\"wpb_column pos-top pos-center align_center column_parent col-lg-2 boomapps_vccolumn single-internal-gutter\"><div class=\"uncol style-light unexpand\"  ><div class=\"uncoltable\"><div class=\"uncell  boomapps_vccolumn single-block-padding style-color-358833-bg\" ><div class=\"uncont\" ><div class=\"uncode-single-media small-bottle text-left\"><div class=\"single-wrapper\" style=\"max-width: 100%;\"><a class=\"single-media-link\" href=\"https:\/\/www.steriksbryggeri.se\/en\/ol\/st-eriks-ipa\/\" title=\"S:t Eriks IPA\"><div class=\"tmb tmb-light  tmb-media-first tmb-media-last tmb-content-overlay tmb-no-bg\"><div class=\"t-inside\"><div class=\"t-entry-visual\"><div class=\"t-entry-visual-tc\"><div class=\"uncode-single-media-wrapper\"><img decoding=\"async\" class=\"wp-image-3541\" src=\"https:\/\/www.steriksbryggeri.se\/wp-content\/uploads\/2025\/06\/St-Eriks-IPA.png\" width=\"170\" height=\"622\" alt=\"\" srcset=\"https:\/\/www.steriksbryggeri.se\/wp-content\/uploads\/2025\/06\/St-Eriks-IPA.png 170w, https:\/\/www.steriksbryggeri.se\/wp-content\/uploads\/2025\/06\/St-Eriks-IPA-82x300.png 82w, https:\/\/www.steriksbryggeri.se\/wp-content\/uploads\/2025\/06\/St-Eriks-IPA-3x12.png 3w\" sizes=\"(max-width: 170px) 100vw, 170px\" \/><\/div>\n\t\t\t\t\t<\/div>\n\t\t\t\t<\/div><\/div><\/div><\/a><\/div><\/div><div class=\"vc_custom_heading_wrap\"><div class=\"heading-text el-text\" ><p class=\"font-477115 fontheight-583413 text-color-jevc-color\" ><span><a class=\"black-link\" href=\"https:\/\/www.steriksbryggeri.se\/en\/ol\/st-eriks-ipa\/\"><span class=\"font-477115\">S:t Eriks IPA<\/span><\/a><\/span><\/p><\/div><div class=\"clear\"><\/div><\/div><\/div><\/div><\/div><\/div><\/div><div class=\"wpb_column pos-top pos-center align_center column_parent col-lg-2 boomapps_vccolumn single-internal-gutter\"><div class=\"uncol style-light unexpand\"  ><div class=\"uncoltable\"><div class=\"uncell  boomapps_vccolumn single-block-padding style-color-708106-bg\" ><div class=\"uncont\" ><div class=\"uncode-single-media small-bottle text-left\"><div class=\"single-wrapper\" style=\"max-width: 100%;\"><a class=\"single-media-link\" href=\"https:\/\/www.steriksbryggeri.se\/en\/ol\/st-eriks-citra-pale-ale\/\"><div class=\"tmb tmb-light  tmb-media-first tmb-media-last tmb-content-overlay tmb-no-bg\"><div class=\"t-inside\"><div class=\"t-entry-visual\"><div class=\"t-entry-visual-tc\"><div class=\"uncode-single-media-wrapper\"><img decoding=\"async\" class=\"wp-image-3253\" src=\"https:\/\/www.steriksbryggeri.se\/wp-content\/uploads\/2023\/07\/st-eriks-citra-pale-ale-175x622-2-2023.png\" width=\"175\" height=\"622\" alt=\"\" srcset=\"https:\/\/www.steriksbryggeri.se\/wp-content\/uploads\/2023\/07\/st-eriks-citra-pale-ale-175x622-2-2023.png 175w, https:\/\/www.steriksbryggeri.se\/wp-content\/uploads\/2023\/07\/st-eriks-citra-pale-ale-175x622-2-2023-84x300.png 84w, https:\/\/www.steriksbryggeri.se\/wp-content\/uploads\/2023\/07\/st-eriks-citra-pale-ale-175x622-2-2023-3x12.png 3w\" sizes=\"(max-width: 175px) 100vw, 175px\" \/><\/div>\n\t\t\t\t\t<\/div>\n\t\t\t\t<\/div><\/div><\/div><\/a><\/div><\/div><div class=\"vc_custom_heading_wrap\"><div class=\"heading-text el-text\" ><p class=\"font-477115 fontheight-583413 text-color-jevc-color\" ><span><span class=\"font-477115\">S:t Eriks Citra Pale Ale<\/span><\/span><\/p><\/div><div class=\"clear\"><\/div><\/div><\/div><\/div><\/div><\/div><\/div><div class=\"wpb_column pos-top pos-center align_center column_parent col-lg-2 boomapps_vccolumn single-internal-gutter\"><div class=\"uncol style-light unexpand\"  ><div class=\"uncoltable\"><div class=\"uncell  boomapps_vccolumn single-block-padding style-color-163274-bg\" ><div class=\"uncont\" ><div class=\"uncode-single-media small-bottle text-left\"><div class=\"single-wrapper\" style=\"max-width: 100%;\"><div class=\"tmb tmb-light  tmb-media-first tmb-media-last tmb-content-overlay tmb-no-bg\"><div class=\"t-inside\"><div class=\"t-entry-visual\"><div class=\"t-entry-visual-tc\"><div class=\"uncode-single-media-wrapper\"><img decoding=\"async\" class=\"wp-image-3549\" src=\"https:\/\/www.steriksbryggeri.se\/wp-content\/uploads\/2025\/06\/Elderflorwer-Tap.png\" width=\"170\" height=\"622\" alt=\"\" srcset=\"https:\/\/www.steriksbryggeri.se\/wp-content\/uploads\/2025\/06\/Elderflorwer-Tap.png 170w, https:\/\/www.steriksbryggeri.se\/wp-content\/uploads\/2025\/06\/Elderflorwer-Tap-82x300.png 82w, https:\/\/www.steriksbryggeri.se\/wp-content\/uploads\/2025\/06\/Elderflorwer-Tap-3x12.png 3w\" sizes=\"(max-width: 170px) 100vw, 170px\" \/><\/div>\n\t\t\t\t\t<\/div>\n\t\t\t\t<\/div><\/div><\/div><\/div><\/div><div class=\"vc_custom_heading_wrap\"><div class=\"heading-text el-text\" ><p class=\"font-477115 fontheight-583413 text-color-jevc-color\" ><span><a class=\"black-link\" href=\"https:\/\/www.steriksbryggeri.se\/en\/ol\/st-eriks-elderflower-ipa\/\"><span class=\"font-477115\">S:t Eriks Elderflower IPA<\/span><\/a><\/span><\/p><\/div><div class=\"clear\"><\/div><\/div><\/div><\/div><\/div><\/div><\/div><script id=\"script-row-unique-2\" data-row=\"script-row-unique-2\" type=\"text\/javascript\" class=\"vc_controls\">UNCODE.initRow(document.getElementById(\"row-unique-2\"));<\/script><\/div><\/div><\/div><div data-parent=\"true\" class=\"vc_row stamp-container vc_custom_1573744247569 row-container desktop-hidden tablet-hidden mobile-hidden boomapps_vcrow\" style=\"margin-top: -700px ;z-index: 1;\" id=\"row-unique-3\"><div class=\"row limit-width row-parent\"><div class=\"wpb_row row-inner\"><div class=\"wpb_column pos-top pos-center align_left column_parent col-lg-4 boomapps_vccolumn single-internal-gutter\"><div class=\"uncol style-light\"  ><div class=\"uncoltable\"><div class=\"uncell  boomapps_vccolumn no-block-padding\" ><div class=\"uncont\" ><\/div><\/div><\/div><\/div><\/div><div class=\"wpb_column pos-top pos-center align_left column_parent col-lg-4 boomapps_vccolumn single-internal-gutter\"><div class=\"uncol style-light\"  ><div class=\"uncoltable\"><div class=\"uncell  boomapps_vccolumn no-block-padding\" ><div class=\"uncont\" ><div class=\"uncode-single-media stamp-product text-center\"><div class=\"single-wrapper\" style=\"max-width: 100%;\"><div class=\"tmb tmb-light  tmb-media-first tmb-media-last tmb-content-overlay tmb-no-bg\"><div class=\"t-inside\"><div class=\"t-entry-visual\"><div class=\"t-entry-visual-tc\"><div class=\"uncode-single-media-wrapper\"><div class=\"fluid-svg\"><span id=\"icon-177181\" style=\"width:320px\" class=\"icon-media\"><img decoding=\"async\" src=\"https:\/\/www.steriksbryggeri.se\/wp-content\/uploads\/2019\/10\/St_Eriks_Bryggeri_helgon_PRODSIDA.svg\" alt=\"St Eriks Bryggeri helgon prodsida\"><\/span><\/div><\/div>\n\t\t\t\t\t<\/div>\n\t\t\t\t<\/div><\/div><\/div><\/div><\/div><\/div><\/div><\/div><\/div><\/div><div class=\"wpb_column pos-top pos-center align_left column_parent col-lg-4 boomapps_vccolumn single-internal-gutter\"><div class=\"uncol style-light\"  ><div class=\"uncoltable\"><div class=\"uncell  boomapps_vccolumn no-block-padding\" ><div class=\"uncont\" ><\/div><\/div><\/div><\/div><\/div><script id=\"script-row-unique-3\" data-row=\"script-row-unique-3\" type=\"text\/javascript\" class=\"vc_controls\">UNCODE.initRow(document.getElementById(\"row-unique-3\"));<\/script><\/div><\/div><\/div>\n<\/div>","protected":false},"excerpt":{"rendered":"En okomplicerad men \u00e4nd\u00e5 hantverksm\u00e4ssigt bryggd \u00f6l. S:t Eriks LagerEn \u00f6l som \u00e4r en av grundstenarana i S:t Eriks sortiment; [...]","protected":false},"author":1,"featured_media":0,"parent":48,"menu_order":0,"comment_status":"closed","ping_status":"closed","template":"","meta":{"footnotes":""},"class_list":["post-929","page","type-page","status-publish","hentry"],"yoast_head":"<!-- This site is optimized with the Yoast SEO plugin v26.2 - https:\/\/yoast.com\/wordpress\/plugins\/seo\/ -->\n<title>St Eriks Lager - St Eriks<\/title>\n<meta name=\"robots\" content=\"index, follow, max-snippet:-1, max-image-preview:large, max-video-preview:-1\" \/>\n<link rel=\"canonical\" href=\"https:\/\/www.steriksbryggeri.se\/en\/ol\/st-eriks-lager-2\/\" \/>\n<meta property=\"og:locale\" content=\"en_GB\" \/>\n<meta property=\"og:type\" content=\"article\" \/>\n<meta property=\"og:title\" content=\"St Eriks Lager - St Eriks\" \/>\n<meta property=\"og:url\" content=\"https:\/\/www.steriksbryggeri.se\/en\/ol\/st-eriks-lager-2\/\" \/>\n<meta property=\"og:site_name\" content=\"St Eriks\" \/>\n<meta property=\"article:modified_time\" content=\"2025-06-03T09:12:06+00:00\" \/>\n<meta name=\"twitter:card\" content=\"summary_large_image\" \/>\n<meta name=\"twitter:label1\" content=\"Estimated reading time\" \/>\n\t<meta name=\"twitter:data1\" content=\"4 minutes\" \/>\n<script type=\"application\/ld+json\" class=\"yoast-schema-graph\">{\"@context\":\"https:\/\/schema.org\",\"@graph\":[{\"@type\":\"WebPage\",\"@id\":\"https:\/\/www.steriksbryggeri.se\/ol\/st-eriks-lager-2\/\",\"url\":\"https:\/\/www.steriksbryggeri.se\/ol\/st-eriks-lager-2\/\",\"name\":\"St Eriks Lager - St Eriks\",\"isPartOf\":{\"@id\":\"https:\/\/www.steriksbryggeri.se\/#website\"},\"datePublished\":\"2019-10-11T13:10:01+00:00\",\"dateModified\":\"2025-06-03T09:12:06+00:00\",\"breadcrumb\":{\"@id\":\"https:\/\/www.steriksbryggeri.se\/ol\/st-eriks-lager-2\/#breadcrumb\"},\"inLanguage\":\"en-GB\",\"potentialAction\":[{\"@type\":\"ReadAction\",\"target\":[\"https:\/\/www.steriksbryggeri.se\/ol\/st-eriks-lager-2\/\"]}]},{\"@type\":\"BreadcrumbList\",\"@id\":\"https:\/\/www.steriksbryggeri.se\/ol\/st-eriks-lager-2\/#breadcrumb\",\"itemListElement\":[{\"@type\":\"ListItem\",\"position\":1,\"name\":\"Home\",\"item\":\"https:\/\/www.steriksbryggeri.se\/\"},{\"@type\":\"ListItem\",\"position\":2,\"name\":\"\u00d6l\",\"item\":\"https:\/\/www.steriksbryggeri.se\/ol\/\"},{\"@type\":\"ListItem\",\"position\":3,\"name\":\"St Eriks Lager\"}]},{\"@type\":\"WebSite\",\"@id\":\"https:\/\/www.steriksbryggeri.se\/#website\",\"url\":\"https:\/\/www.steriksbryggeri.se\/\",\"name\":\"St Eriks\",\"description\":\"\u00c4lskad \u00e4ven utanf\u00f6r Stockholm sedan 1859\",\"potentialAction\":[{\"@type\":\"SearchAction\",\"target\":{\"@type\":\"EntryPoint\",\"urlTemplate\":\"https:\/\/www.steriksbryggeri.se\/?s={search_term_string}\"},\"query-input\":{\"@type\":\"PropertyValueSpecification\",\"valueRequired\":true,\"valueName\":\"search_term_string\"}}],\"inLanguage\":\"en-GB\"}]}<\/script>\n<!-- \/ Yoast SEO plugin. -->","yoast_head_json":{"title":"St Eriks Lager - St Eriks","robots":{"index":"index","follow":"follow","max-snippet":"max-snippet:-1","max-image-preview":"max-image-preview:large","max-video-preview":"max-video-preview:-1"},"canonical":"https:\/\/www.steriksbryggeri.se\/en\/ol\/st-eriks-lager-2\/","og_locale":"en_GB","og_type":"article","og_title":"St Eriks Lager - St Eriks","og_url":"https:\/\/www.steriksbryggeri.se\/en\/ol\/st-eriks-lager-2\/","og_site_name":"St Eriks","article_modified_time":"2025-06-03T09:12:06+00:00","twitter_card":"summary_large_image","twitter_misc":{"Estimated reading time":"4 minutes"},"schema":{"@context":"https:\/\/schema.org","@graph":[{"@type":"WebPage","@id":"https:\/\/www.steriksbryggeri.se\/ol\/st-eriks-lager-2\/","url":"https:\/\/www.steriksbryggeri.se\/ol\/st-eriks-lager-2\/","name":"St Eriks Lager - St Eriks","isPartOf":{"@id":"https:\/\/www.steriksbryggeri.se\/#website"},"datePublished":"2019-10-11T13:10:01+00:00","dateModified":"2025-06-03T09:12:06+00:00","breadcrumb":{"@id":"https:\/\/www.steriksbryggeri.se\/ol\/st-eriks-lager-2\/#breadcrumb"},"inLanguage":"en-GB","potentialAction":[{"@type":"ReadAction","target":["https:\/\/www.steriksbryggeri.se\/ol\/st-eriks-lager-2\/"]}]},{"@type":"BreadcrumbList","@id":"https:\/\/www.steriksbryggeri.se\/ol\/st-eriks-lager-2\/#breadcrumb","itemListElement":[{"@type":"ListItem","position":1,"name":"Home","item":"https:\/\/www.steriksbryggeri.se\/"},{"@type":"ListItem","position":2,"name":"\u00d6l","item":"https:\/\/www.steriksbryggeri.se\/ol\/"},{"@type":"ListItem","position":3,"name":"St Eriks Lager"}]},{"@type":"WebSite","@id":"https:\/\/www.steriksbryggeri.se\/#website","url":"https:\/\/www.steriksbryggeri.se\/","name":"St Eriks","description":"\u00c4lskad \u00e4ven utanf\u00f6r Stockholm sedan 1859","potentialAction":[{"@type":"SearchAction","target":{"@type":"EntryPoint","urlTemplate":"https:\/\/www.steriksbryggeri.se\/?s={search_term_string}"},"query-input":{"@type":"PropertyValueSpecification","valueRequired":true,"valueName":"search_term_string"}}],"inLanguage":"en-GB"}]}},"_links":{"self":[{"href":"https:\/\/www.steriksbryggeri.se\/en\/wp-json\/wp\/v2\/pages\/929","targetHints":{"allow":["GET"]}}],"collection":[{"href":"https:\/\/www.steriksbryggeri.se\/en\/wp-json\/wp\/v2\/pages"}],"about":[{"href":"https:\/\/www.steriksbryggeri.se\/en\/wp-json\/wp\/v2\/types\/page"}],"author":[{"embeddable":true,"href":"https:\/\/www.steriksbryggeri.se\/en\/wp-json\/wp\/v2\/users\/1"}],"replies":[{"embeddable":true,"href":"https:\/\/www.steriksbryggeri.se\/en\/wp-json\/wp\/v2\/comments?post=929"}],"version-history":[{"count":40,"href":"https:\/\/www.steriksbryggeri.se\/en\/wp-json\/wp\/v2\/pages\/929\/revisions"}],"predecessor-version":[{"id":3574,"href":"https:\/\/www.steriksbryggeri.se\/en\/wp-json\/wp\/v2\/pages\/929\/revisions\/3574"}],"up":[{"embeddable":true,"href":"https:\/\/www.steriksbryggeri.se\/en\/wp-json\/wp\/v2\/pages\/48"}],"wp:attachment":[{"href":"https:\/\/www.steriksbryggeri.se\/en\/wp-json\/wp\/v2\/media?parent=929"}],"curies":[{"name":"wp","href":"https:\/\/api.w.org\/{rel}","templated":true}]}}